{"id":1422,"date":"2016-09-29T12:14:40","date_gmt":"2016-09-29T16:14:40","guid":{"rendered":"https:\/\/kingstreasurebox.org\/nuestro-equipo\/"},"modified":"2023-12-16T08:58:02","modified_gmt":"2023-12-16T13:58:02","slug":"nuestro-equipo","status":"publish","type":"page","link":"https:\/\/kingstreasurebox.org\/es\/nuestro-equipo\/","title":{"rendered":"Sobre Nostro"},"content":{"rendered":"<p>[et_pb_section bb_built=\u00bb1&#8243; admin_label=\u00bbSection\u00bb transparent_background=\u00bboff\u00bb allow_player_pause=\u00bboff\u00bb inner_shadow=\u00bboff\u00bb parallax=\u00bboff\u00bb parallax_method=\u00bbon\u00bb make_fullwidth=\u00bboff\u00bb use_custom_width=\u00bboff\u00bb width_unit=\u00bboff\u00bb custom_width_px=\u00bb1080px\u00bb custom_width_percent=\u00bb80%\u00bb make_equal=\u00bboff\u00bb use_custom_gutter=\u00bboff\u00bb fullwidth=\u00bboff\u00bb specialty=\u00bbon\u00bb disabled=\u00bboff\u00bb][et_pb_column type=\u00bb1_4&#8243;][et_pb_image admin_label=\u00bbImage\u00bb src=\u00bbhttp:\/\/kingstreasurebox.org\/img\/team-hands.jpg\u00bb show_in_lightbox=\u00bboff\u00bb url=\u00bbhttp:\/\/kingstreasurebox.org\/about-us\/our-team\/\u00bb url_new_window=\u00bboff\u00bb use_overlay=\u00bboff\u00bb animation=\u00bboff\u00bb sticky=\u00bboff\u00bb align=\u00bbcenter\u00bb force_fullwidth=\u00bboff\u00bb always_center_on_mobile=\u00bbon\u00bb use_border_color=\u00bboff\u00bb border_color=\u00bb#ffffff\u00bb border_width=\u00bb1px\u00bb border_style=\u00bbsolid\u00bb disabled=\u00bboff\u00bb]<br \/>\n[\/et_pb_image][\/et_pb_column][et_pb_column type=\u00bb3_4&#8243; specialty_columns=\u00bb3&#8243;][et_pb_row_inner admin_label=\u00bbRow\u00bb use_custom_gutter=\u00bboff\u00bb make_equal=\u00bboff\u00bb parallax_1=\u00bboff\u00bb parallax_method_1=\u00bbon\u00bb parallax_2=\u00bboff\u00bb parallax_method_2=\u00bbon\u00bb parallax_3=\u00bboff\u00bb parallax_method_3=\u00bbon\u00bb disabled=\u00bboff\u00bb][et_pb_column_inner type=\u00bb1_2&#8243; saved_specialty_column_type=\u00bb3_4&#8243;][et_pb_text admin_label=\u00bbText\u00bb background_layout=\u00bblight\u00bb text_orientation=\u00bbleft\u00bb use_border_color=\u00bboff\u00bb border_style=\u00bbsolid\u00bb disabled=\u00bboff\u00bb]<\/p>\n<h3 class=\"page-list-ext-title\"><a title=\"Equipo\" href=\"http:\/\/kingstreasurebox.org\/about-us\/our-team\/\">Equipo<\/a><\/h3>\n<div class=\"page-list-ext-item-content\">Descubra qui\u00e9nes somos, por qu\u00e9 existimos y cu\u00e1les son nuestros objetivos.<\/div>\n<div class=\"page-list-ext-item-content\">Descubra nos Equipo<\/div>\n<p>[\/et_pb_text][\/et_pb_column_inner][et_pb_column_inner type=\u00bb1_2&#8243; saved_specialty_column_type=\u00bb3_4&#8243;][et_pb_text admin_label=\u00bbText\u00bb background_layout=\u00bblight\u00bb text_orientation=\u00bbleft\u00bb use_border_color=\u00bboff\u00bb border_style=\u00bbsolid\u00bb disabled=\u00bboff\u00bb]<\/p>\n<p style=\"text-align: left;\">Nuestros ni\u00f1os merecen nuestra ayuda y apoyo en la lucha contra la forma m\u00e1s \u00edntima de terrorismo.<br \/>\nKing&#8217;s Treasure Box Ministries est\u00e1 comprometido con esta lucha. Por favor \u00fanase a nosotros.<\/p>\n<p>[\/et_pb_text][\/et_pb_column_inner][\/et_pb_row_inner][\/et_pb_column][\/et_pb_section][et_pb_section bb_built=\u00bb1&#8243; admin_label=\u00bbsection\u00bb transparent_background=\u00bboff\u00bb allow_player_pause=\u00bboff\u00bb inner_shadow=\u00bboff\u00bb parallax=\u00bboff\u00bb parallax_method=\u00bbon\u00bb custom_padding=\u00bb57.0781px|0px|0px|0px\u00bb padding_mobile=\u00bboff\u00bb make_fullwidth=\u00bboff\u00bb use_custom_width=\u00bboff\u00bb width_unit=\u00bboff\u00bb custom_width_px=\u00bb1080px\u00bb custom_width_percent=\u00bb80%\u00bb make_equal=\u00bboff\u00bb use_custom_gutter=\u00bboff\u00bb fullwidth=\u00bboff\u00bb specialty=\u00bboff\u00bb disabled=\u00bboff\u00bb][et_pb_row admin_label=\u00bbRow\u00bb make_fullwidth=\u00bboff\u00bb use_custom_width=\u00bboff\u00bb width_unit=\u00bboff\u00bb custom_width_px=\u00bb1080px\u00bb custom_width_percent=\u00bb80%\u00bb use_custom_gutter=\u00bboff\u00bb gutter_width=\u00bb3&#8243; custom_padding=\u00bb0px|0px|0px|0px\u00bb padding_mobile=\u00bboff\u00bb allow_player_pause=\u00bboff\u00bb parallax=\u00bboff\u00bb parallax_method=\u00bbon\u00bb make_equal=\u00bboff\u00bb column_padding_mobile=\u00bbon\u00bb parallax_1=\u00bboff\u00bb parallax_method_1=\u00bbon\u00bb parallax_2=\u00bboff\u00bb parallax_method_2=\u00bbon\u00bb parallax_3=\u00bboff\u00bb parallax_method_3=\u00bbon\u00bb parallax_4=\u00bboff\u00bb parallax_method_4=\u00bbon\u00bb disabled=\u00bboff\u00bb][et_pb_column type=\u00bb4_4&#8243;][et_pb_text admin_label=\u00bbText\u00bb background_layout=\u00bblight\u00bb text_orientation=\u00bbleft\u00bb module_class=\u00bbdots-list\u00bb use_border_color=\u00bboff\u00bb border_style=\u00bbsolid\u00bb custom_css_main_element=\u00bb.dots-list {|| ||width: 100%;|| ||}|| ||.dots-list ol {|| ||padding-left: 50px;|| ||position: relative;|| ||margin-bottom: 20px;|| ||list-style: none !important;|| ||}|| ||.dots-list ol li {|| ||position: relative;|| ||margin-top: 0em;|| ||margin-bottom: 20px;|| ||}|| ||.dots-list ol li .number_divider {|| ||position: absolute;|| ||left: -50px;|| ||font-weight: 800;|| ||font-size: 2em;|| ||top: -5px;|| ||}|| ||.dots-list ol li:before {|| ||content: %22%22;|| ||background: #8dbeb2;|| ||position: absolute;|| ||width: 2px;|| ||top: 1px;|| ||bottom: -21px;|| ||left: -24px;|| ||}|| ||.dots-list ol li:after {|| ||content: %22%22;|| ||background: #8dbeb2;|| ||position: absolute;|| ||width: 15px;|| ||height: 15px;|| ||border-radius: 100%;|| ||top: 1px;|| ||left: -31px;|| ||}|| ||.dots-list ol li:last-child:before {|| ||content: %22%22;|| ||background: #ffffff;|| ||}\u00bb disabled=\u00bboff\u00bb]<\/p>\n<p style=\"text-align: justify;\"><span style=\"text-decoration: underline;\"><span style=\"font-size: x-large;\"><a href=\"https:\/\/secure.processdonation.org\/kingstreasurebox\/Donation.aspx\" rel=\"nofollow noopener\" target=\"_blank\"><span style=\"color: #a405b3;\">\u00daNASE Y SEA PARTE DE LA LUCHA CONTRA EL ABUSO INFANTIL<\/span><\/a><br \/>\n<\/span><\/span><\/p>\n<p style=\"text-align: justify;\">Nos hemos reunido como King&#8217;s Treasure Box Ministries para marcar la diferencia en las vidas de miles de ni\u00f1os y adultos que se han visto afectados por el abuso sexual infantil.<\/p>\n<p style=\"text-align: justify;\">Nuestros objetivos incluyen:<\/p>\n<p>[\/et_pb_text][et_pb_text admin_label=\u00bbText\u00bb background_layout=\u00bblight\u00bb text_orientation=\u00bbleft\u00bb module_class=\u00bbdots-list\u00bb use_border_color=\u00bboff\u00bb border_style=\u00bbsolid\u00bb disabled=\u00bboff\u00bb]<\/p>\n<ol>\n<li style=\"margin-top: 0px; margin-bottom: 0px; font-size: 17px; text-align: justify;\">Cont\u00ednuamente escribir libros para concientizar sobre el tema y ayudar a los sobrevivientes a sanar<\/li>\n<li style=\"margin-top: 0px; margin-bottom: 0px; font-size: 17px; text-align: justify;\">Desarrollar aplicaciones terap\u00e9uticas, videojuegos y programas de terapia usando la tecnolog\u00eda actual para alcanzar a los j\u00f3venes de hoy<\/li>\n<li style=\"margin-top: 0px; margin-bottom: 0px; font-size: 17px; text-align: justify;\">Utilizar los medios de comunicaci\u00f3n, como la radio y la televisi\u00f3n, como plataforma para concientizar sobre el problema, aumentar la esperanza para los maltratados y dar voz a los sobrevivientes<\/li>\n<li style=\"margin-top: 0px; margin-bottom: 0px; font-size: 17px; text-align: justify;\">Ofrecer actuaciones de personajes como Jingles, La Princesa Gracia y Lil Jimmy para ense\u00f1ar a los ni\u00f1os cuestiones de seguridad, buen tacto\/mal tacto, l\u00edmites, abstinencia y su verdadera identidad como realeza<\/li>\n<li style=\"margin-top: 0px; margin-bottom: 0px; font-size: 17px; text-align: justify;\">Colaborar con otros ministerios como Voice Today y Lil Jimmy Productions para promover la conciencia y brindar sanidad a nuestros ni\u00f1os y a la comunidad en general.<\/li>\n<li style=\"margin-top: 0px; margin-bottom: 0px; font-size: 17px; text-align: justify;\">Ayudar a crear un modelo para hogares grupales donde un ni\u00f1o que ha sido abusado sexualmente puede prosperar y obtener la sanidad que requiere seg\u00fan sus necesidades espec\u00edficas. El abuso sexual infantil es un problema que afecta todas nuestras vidas, directa e indirectamente.<\/li>\n<\/ol>\n<p class=\"et-fb-mce-line-break-holder\" style=\"text-align: left;\">[\/et_pb_text][\/et_pb_column][\/et_pb_row][et_pb_row admin_label=\u00bbRow\u00bb make_fullwidth=\u00bboff\u00bb use_custom_width=\u00bboff\u00bb width_unit=\u00bboff\u00bb custom_width_px=\u00bb1080px\u00bb custom_width_percent=\u00bb80%\u00bb use_custom_gutter=\u00bboff\u00bb gutter_width=\u00bb3&#8243; custom_padding=\u00bb35px|0px|0px|0px\u00bb allow_player_pause=\u00bboff\u00bb parallax=\u00bboff\u00bb parallax_method=\u00bbon\u00bb make_equal=\u00bboff\u00bb column_padding_mobile=\u00bbon\u00bb parallax_1=\u00bboff\u00bb parallax_method_1=\u00bbon\u00bb parallax_2=\u00bboff\u00bb parallax_method_2=\u00bbon\u00bb parallax_3=\u00bboff\u00bb parallax_method_3=\u00bbon\u00bb parallax_4=\u00bboff\u00bb parallax_method_4=\u00bbon\u00bb disabled=\u00bboff\u00bb][et_pb_column type=\u00bb1_2&#8243;][et_pb_counters admin_label=\u00bbBar Counters\u00bb background_layout=\u00bblight\u00bb background_color=\u00bb#dddddd\u00bb bar_bg_color=\u00bb#a405b3&#8243; use_percentages=\u00bbon\u00bb border_radius=\u00bb0&#8243; use_border_color=\u00bboff\u00bb border_color=\u00bb#ffffff\u00bb border_width=\u00bb1px\u00bb border_style=\u00bbsolid\u00bb disabled=\u00bboff\u00bb] [et_pb_counter percent=\u00bb25&#8243; disabled=\u00bboff\u00bb background_color_default=\u00bb#dddddd\u00bb bar_background_color_default=\u00bb#a405b3&#8243; use_percentages=\u00bbon\u00bb border_radius=\u00bb0&#8243;] Ni\u00f1as abusadas sexualmente antes de los 18 a\u00f1os [\/et_pb_counter][et_pb_counter percent=\u00bb24&#8243; disabled=\u00bboff\u00bb background_color_default=\u00bb#dddddd\u00bb bar_background_color_default=\u00bb#a405b3&#8243; use_percentages=\u00bbon\u00bb border_radius=\u00bb0&#8243;] Ni\u00f1as abusadas sexualmente antes de los 5 [\/et_pb_counter][et_pb_counter percent=\u00bb17&#8243; disabled=\u00bboff\u00bb background_color_default=\u00bb#dddddd\u00bb bar_background_color_default=\u00bb#a405b3&#8243; use_percentages=\u00bbon\u00bb border_radius=\u00bb0&#8243;] Ni\u00f1os abusados sexualmente antes de los 18 a\u00f1os [\/et_pb_counter][et_pb_counter percent=\u00bb34&#8243; disabled=\u00bboff\u00bb background_color_default=\u00bb#dddddd\u00bb bar_background_color_default=\u00bb#a405b3&#8243; use_percentages=\u00bbon\u00bb border_radius=\u00bb0&#8243;]<br \/>\nNi\u00f1os abusados sexualmente menores de 12 a\u00f1os<\/p>\n<p>[\/et_pb_counter][et_pb_counter percent=\u00bb14&#8243; disabled=\u00bboff\u00bb background_color_default=\u00bb#dddddd\u00bb bar_background_color_default=\u00bb#a405b3&#8243; use_percentages=\u00bbon\u00bb border_radius=\u00bb0&#8243;]Ni\u00f1os abusados sexualmente menores de 7 a\u00f1os[\/et_pb_counter][et_pb_counter percent=\u00bb88&#8243; disabled=\u00bboff\u00bb background_color_default=\u00bb#dddddd\u00bb bar_background_color_default=\u00bb#a405b3&#8243; use_percentages=\u00bbon\u00bb border_radius=\u00bb0&#8243;] Abuso sexual infantil no denunciado [\/et_pb_counter]<\/p>\n<p class=\"et-fb-mce-line-break-holder\" style=\"text-align: left;\">[\/et_pb_counters][\/et_pb_column][et_pb_column type=\u00bb1_2&#8243;][et_pb_counters admin_label=\u00bbBar Counters\u00bb background_layout=\u00bblight\u00bb background_color=\u00bb#dddddd\u00bb bar_bg_color=\u00bb#a405b3&#8243; use_percentages=\u00bbon\u00bb border_radius=\u00bb0&#8243; use_border_color=\u00bboff\u00bb border_color=\u00bb#ffffff\u00bb border_width=\u00bb1px\u00bb border_style=\u00bbsolid\u00bb disabled=\u00bboff\u00bb] [et_pb_counter percent=\u00bb20&#8243; disabled=\u00bboff\u00bb background_color_default=\u00bb#dddddd\u00bb bar_background_color_default=\u00bb#a405b3&#8243; use_percentages=\u00bbon\u00bb border_radius=\u00bb0&#8243;]Cometido por los padres[\/et_pb_counter][et_pb_counter percent=\u00bb16&#8243; disabled=\u00bboff\u00bb background_color_default=\u00bb#dddddd\u00bb bar_background_color_default=\u00bb#a405b3&#8243; use_percentages=\u00bbon\u00bb border_radius=\u00bb0&#8243;]Cometido por sus parientes[\/et_pb_counter][et_pb_counter percent=\u00bb50&#8243; disabled=\u00bboff\u00bb background_color_default=\u00bb#dddddd\u00bb bar_background_color_default=\u00bb#a405b3&#8243; use_percentages=\u00bbon\u00bb border_radius=\u00bb0&#8243;]Cometido por amigos o conocidos[\/et_pb_counter][et_pb_counter percent=\u00bb40&#8243; disabled=\u00bboff\u00bb background_color_default=\u00bb#dddddd\u00bb bar_background_color_default=\u00bb#a405b3&#8243; use_percentages=\u00bbon\u00bb border_radius=\u00bb0&#8243;]Cometido por menores (18 a\u00f1os o menos)[\/et_pb_counter][et_pb_counter percent=\u00bb4&#8243; disabled=\u00bboff\u00bb background_color_default=\u00bb#dddddd\u00bb bar_background_color_default=\u00bb#a405b3&#8243; use_percentages=\u00bbon\u00bb border_radius=\u00bb0&#8243;]Cometido por extra\u00f1os[\/et_pb_counter][et_pb_counter percent=\u00bb12&#8243; disabled=\u00bboff\u00bb background_color_default=\u00bb#dddddd\u00bb bar_background_color_default=\u00bb#a405b3&#8243; use_percentages=\u00bbon\u00bb border_radius=\u00bb0&#8243;]Abuso sexual infantil denunciado[\/et_pb_counter]<\/p>\n<p class=\"et-fb-mce-line-break-holder\" style=\"text-align: left;\">[\/et_pb_counters][\/et_pb_column][\/et_pb_row][et_pb_row admin_label=\u00bbRow\u00bb make_fullwidth=\u00bboff\u00bb use_custom_width=\u00bboff\u00bb width_unit=\u00bboff\u00bb custom_width_px=\u00bb1080px\u00bb custom_width_percent=\u00bb80%\u00bb use_custom_gutter=\u00bboff\u00bb gutter_width=\u00bb2&#8243; custom_padding=\u00bb27px|0px|0px|0px\u00bb allow_player_pause=\u00bboff\u00bb parallax=\u00bboff\u00bb parallax_method=\u00bbon\u00bb make_equal=\u00bboff\u00bb parallax_1=\u00bboff\u00bb parallax_method_1=\u00bbon\u00bb parallax_2=\u00bboff\u00bb parallax_method_2=\u00bbon\u00bb parallax_3=\u00bboff\u00bb parallax_method_3=\u00bbon\u00bb parallax_4=\u00bboff\u00bb parallax_method_4=\u00bbon\u00bb disabled=\u00bboff\u00bb][et_pb_column type=\u00bb4_4&#8243;][et_pb_text admin_label=\u00bbText\u00bb background_layout=\u00bblight\u00bb text_orientation=\u00bbleft\u00bb module_class=\u00bbdots-list\u00bb use_border_color=\u00bboff\u00bb border_style=\u00bbsolid\u00bb disabled=\u00bboff\u00bb]<\/p>\n<p style=\"text-align: justify;\">Las estad\u00edsticas sobre la prevalencia del abuso sexual infantil son tan espantosas como inimaginables para la mayor\u00eda de las personas. Aunque muchos quieran saber la verdad sobre el abuso sexual infantil, puede ser demasiado aterrador como para considerarlo, y demasiado impactante o emocionalmente doloroso para aceptarlo. <\/p>\n<p style=\"text-align: justify;\">Por ejemplo<\/p>\n<p class=\"et-fb-mce-line-break-holder\" style=\"text-align: left;\">[\/et_pb_text][et_pb_text admin_label=\u00bbText\u00bb background_layout=\u00bblight\u00bb text_orientation=\u00bbleft\u00bb module_class=\u00bbdots-list\u00bb use_border_color=\u00bboff\u00bb border_style=\u00bbsolid\u00bb disabled=\u00bboff\u00bb]<\/p>\n<ol>\n<li style=\"text-align: justify;\">Una de cada cuatro ni\u00f1as y uno de cada seis ni\u00f1os son abusados sexualmente antes de los 18 a\u00f1os de edad<\/li>\n<li style=\"text-align: justify;\">34% de los ni\u00f1os abusados sexualmente tienen menos de 12 a\u00f1os, y 14% son menores de 7 a\u00f1os<\/li>\n<li style=\"text-align: justify;\">Los ni\u00f1os de 7 a 13 a\u00f1os son la poblaci\u00f3n m\u00e1s vulnerable al abuso sexual, pero el 24% de las ni\u00f1as que son abusadas sexualmente tienen 5 a\u00f1os o menos.<\/li>\n<li style=\"text-align: justify;\">La mayor\u00eda de los ni\u00f1os son abusados por alguien que conocen y en quien conf\u00edan, por ejemplo: 20% por padres, 16% por familiares y 50% por amigos o conocidos<\/li>\n<li style=\"text-align: justify;\">Solo el cuatro por ciento de los delincuentes son extra\u00f1os<\/li>\n<li style=\"text-align: justify;\">El cuarenta por ciento de los delincuentes que victimizaron a ni\u00f1os menores de 6 a\u00f1os eran menores: de 18 a\u00f1os o menos<\/li>\n<li style=\"text-align: justify;\">Los estudios no han encontrado diferencias en la prevalencia del abuso sexual infantil entre las diferentes clases sociales o razas<\/li>\n<li style=\"text-align: justify;\">Solo el 12 por ciento de los abusos sexuales a menores se denuncian.<\/li>\n<\/ol>\n<p style=\"text-align: left;\">[\/et_pb_text][\/et_pb_column][\/et_pb_row][et_pb_row admin_label=\u00bbRow\u00bb make_fullwidth=\u00bboff\u00bb use_custom_width=\u00bboff\u00bb width_unit=\u00bboff\u00bb custom_width_px=\u00bb1080px\u00bb custom_width_percent=\u00bb80%\u00bb use_custom_gutter=\u00bboff\u00bb gutter_width=\u00bb3&#8243; custom_padding=\u00bb38.0469px|0px|0px|0px\u00bb padding_mobile=\u00bboff\u00bb allow_player_pause=\u00bboff\u00bb parallax=\u00bboff\u00bb parallax_method=\u00bbon\u00bb make_equal=\u00bboff\u00bb column_padding_mobile=\u00bbon\u00bb parallax_1=\u00bboff\u00bb parallax_method_1=\u00bbon\u00bb parallax_2=\u00bboff\u00bb parallax_method_2=\u00bbon\u00bb parallax_3=\u00bboff\u00bb parallax_method_3=\u00bbon\u00bb parallax_4=\u00bboff\u00bb parallax_method_4=\u00bbon\u00bb disabled=\u00bboff\u00bb][et_pb_column type=\u00bb1_2&#8243;][et_pb_image admin_label=\u00bbImage\u00bb src=\u00bbhttp:\/\/kingstreasurebox.org\/img\/city-takers.jpg\u00bb show_in_lightbox=\u00bboff\u00bb url_new_window=\u00bboff\u00bb use_overlay=\u00bboff\u00bb animation=\u00bboff\u00bb sticky=\u00bboff\u00bb align=\u00bbcenter\u00bb max_width=\u00bb450px\u00bb force_fullwidth=\u00bboff\u00bb always_center_on_mobile=\u00bbon\u00bb use_border_color=\u00bboff\u00bb border_color=\u00bb#ffffff\u00bb border_width=\u00bb1px\u00bb border_style=\u00bbsolid\u00bb disabled=\u00bboff\u00bb]<br \/>\n[\/et_pb_image][\/et_pb_column][et_pb_column type=\u00bb1_2&#8243;][et_pb_image admin_label=\u00bbImage\u00bb src=\u00bbhttp:\/\/kingstreasurebox.org\/img\/mission-volunteers.jpg\u00bb show_in_lightbox=\u00bboff\u00bb url_new_window=\u00bboff\u00bb use_overlay=\u00bboff\u00bb animation=\u00bboff\u00bb sticky=\u00bboff\u00bb align=\u00bbcenter\u00bb force_fullwidth=\u00bboff\u00bb always_center_on_mobile=\u00bbon\u00bb use_border_color=\u00bboff\u00bb border_color=\u00bb#ffffff\u00bb border_width=\u00bb1px\u00bb border_style=\u00bbsolid\u00bb disabled=\u00bboff\u00bb]<br \/>\n[\/et_pb_image][\/et_pb_column][\/et_pb_row][\/et_pb_section][et_pb_section bb_built=\u00bb1&#8243; admin_label=\u00bbSection\u00bb transparent_background=\u00bboff\u00bb allow_player_pause=\u00bboff\u00bb inner_shadow=\u00bboff\u00bb parallax=\u00bboff\u00bb parallax_method=\u00bboff\u00bb padding_mobile=\u00bboff\u00bb make_fullwidth=\u00bboff\u00bb use_custom_width=\u00bboff\u00bb width_unit=\u00bbon\u00bb custom_width_px=\u00bb1080px\u00bb custom_width_percent=\u00bb80%\u00bb make_equal=\u00bboff\u00bb use_custom_gutter=\u00bboff\u00bb fullwidth=\u00bboff\u00bb specialty=\u00bboff\u00bb disabled=\u00bboff\u00bb][et_pb_row admin_label=\u00bbRow\u00bb make_fullwidth=\u00bboff\u00bb use_custom_width=\u00bboff\u00bb width_unit=\u00bbon\u00bb custom_width_px=\u00bb1080px\u00bb custom_width_percent=\u00bb80%\u00bb use_custom_gutter=\u00bboff\u00bb gutter_width=\u00bb2&#8243; padding_mobile=\u00bboff\u00bb allow_player_pause=\u00bboff\u00bb parallax=\u00bboff\u00bb parallax_method=\u00bboff\u00bb make_equal=\u00bboff\u00bb column_padding_mobile=\u00bbon\u00bb parallax_1=\u00bboff\u00bb parallax_method_1=\u00bboff\u00bb parallax_2=\u00bboff\u00bb parallax_method_2=\u00bboff\u00bb parallax_3=\u00bboff\u00bb parallax_method_3=\u00bboff\u00bb parallax_4=\u00bboff\u00bb parallax_method_4=\u00bbon\u00bb disabled=\u00bboff\u00bb][et_pb_column type=\u00bb1_3&#8243;][et_pb_circle_counter admin_label=\u00bbCircle Counter\u00bb title=\u00bbCostos de recaudaci\u00f3n de fondos\u00bb number=\u00bb6&#8243; percent_sign=\u00bbon\u00bb background_layout=\u00bblight\u00bb bar_bg_color=\u00bb#a405b3&#8243; title_font_size=\u00bb13&#8243; number_font_size=\u00bb30&#8243; disabled=\u00bboff\u00bb]<br \/>\n[\/et_pb_circle_counter][\/et_pb_column][et_pb_column type=\u00bb1_3&#8243;][et_pb_circle_counter admin_label=\u00bbCircle Counter\u00bb title=\u00bbCostos de gesti\u00f3n\u00bb number=\u00bb23&#8243; percent_sign=\u00bbon\u00bb background_layout=\u00bblight\u00bb bar_bg_color=\u00bb#a405b3&#8243; title_font_size=\u00bb13&#8243; number_font_size=\u00bb30&#8243; disabled=\u00bboff\u00bb]<br \/>\n[\/et_pb_circle_counter][\/et_pb_column][et_pb_column type=\u00bb1_3&#8243;][et_pb_circle_counter admin_label=\u00bbCircle Counter\u00bb title=\u00bbCostos del programa\u00bb number=\u00bb71&#8243; percent_sign=\u00bbon\u00bb background_layout=\u00bblight\u00bb bar_bg_color=\u00bb#a405b3&#8243; title_font_size=\u00bb13&#8243; number_font_size=\u00bb30&#8243; disabled=\u00bboff\u00bb]<br \/>\n[\/et_pb_circle_counter][\/et_pb_column][\/et_pb_row][et_pb_row admin_label=\u00bbRow\u00bb make_fullwidth=\u00bboff\u00bb use_custom_width=\u00bboff\u00bb width_unit=\u00bboff\u00bb custom_width_px=\u00bb1080px\u00bb custom_width_percent=\u00bb80%\u00bb use_custom_gutter=\u00bboff\u00bb gutter_width=\u00bb2&#8243; allow_player_pause=\u00bboff\u00bb parallax=\u00bboff\u00bb parallax_method=\u00bbon\u00bb make_equal=\u00bboff\u00bb parallax_1=\u00bboff\u00bb parallax_method_1=\u00bbon\u00bb parallax_2=\u00bboff\u00bb parallax_method_2=\u00bbon\u00bb parallax_3=\u00bboff\u00bb parallax_method_3=\u00bbon\u00bb parallax_4=\u00bboff\u00bb parallax_method_4=\u00bbon\u00bb disabled=\u00bboff\u00bb][et_pb_column type=\u00bb4_4&#8243;][et_pb_button admin_label=\u00bbButton\u00bb button_url=\u00bbhttps:\/\/secure.processdonation.org\/kingstreasurebox\/Donation.aspx\u00bb url_new_window=\u00bboff\u00bb button_text=\u00bbDONE AHORA\u00bb button_alignment=\u00bbcenter\u00bb background_layout=\u00bblight\u00bb custom_button=\u00bbon\u00bb button_text_size=\u00bb20&#8243; button_text_color=\u00bb#e09900&#8243; button_border_width=\u00bb1px\u00bb button_letter_spacing=\u00bb0&#8243; button_use_icon=\u00bbdefault\u00bb button_icon_placement=\u00bbright\u00bb button_on_hover=\u00bbon\u00bb button_text_color_hover=\u00bb#ffffff\u00bb button_border_radius_hover=\u00bb11px\u00bb button_letter_spacing_hover=\u00bb0&#8243; custom_css_main_element=\u00bbmargin-bottom: 0px;\u00bb disabled=\u00bboff\u00bb]<br \/>\n[\/et_pb_button][\/et_pb_column][\/et_pb_row][\/et_pb_section][et_pb_section bb_built=\u00bb1&#8243; admin_label=\u00bbsection\u00bb transparent_background=\u00bboff\u00bb background_color=\u00bb#9624e2&#8243; allow_player_pause=\u00bboff\u00bb inner_shadow=\u00bboff\u00bb parallax=\u00bboff\u00bb parallax_method=\u00bbon\u00bb custom_padding=\u00bb44px|0px|13px|0px\u00bb padding_mobile=\u00bboff\u00bb make_fullwidth=\u00bboff\u00bb use_custom_width=\u00bboff\u00bb width_unit=\u00bboff\u00bb make_equal=\u00bboff\u00bb use_custom_gutter=\u00bboff\u00bb fullwidth=\u00bbon\u00bb specialty=\u00bboff\u00bb custom_css_main_element=\u00bbcolor:white;\u00bb disabled=\u00bboff\u00bb][et_pb_fullwidth_code admin_label=\u00bbFullwidth Code\u00bb custom_css_main_element=\u00bbcolor:white;\u00bb disabled saved_tabs=\u00bball\u00bb]&lt;p style=\u00bbtext-align: center;\u00bb&gt;King\u2019s Treasure Box Ministries, Inc. \u24b8 2016 &#8211; All Rights Reserved&lt;br \/&gt; Mailing Address: 4920 Atlanta Hwy #373, Alpharetta, GA 30004&lt;br \/&gt;Phone: 470.695.4174&lt;br \/&gt; Business Hours: By Appointment Only&lt;\/p&gt;[\/et_pb_fullwidth_code][\/et_pb_section]<\/p>\n","protected":false},"excerpt":{"rendered":"<p>Equipo Descubra qui\u00e9nes somos, por qu\u00e9 existimos y cu\u00e1les son nuestros objetivos. Descubra nos Equipo Nuestros ni\u00f1os merecen nuestra ayuda y apoyo en la lucha contra la forma m\u00e1s \u00edntima de terrorismo. King&#8217;s Treasure Box Ministries est\u00e1 comprometido con esta lucha. Por favor \u00fanase a nosotros. \u00daNASE Y SEA PARTE DE LA LUCHA CONTRA EL [&hellip;]<\/p>\n","protected":false},"author":1,"featured_media":0,"parent":0,"menu_order":0,"comment_status":"closed","ping_status":"closed","template":"","meta":{"_et_pb_use_builder":"on","_et_pb_old_content":"","_et_gb_content_width":"","footnotes":""},"class_list":["post-1422","page","type-page","status-publish","hentry"],"_links":{"self":[{"href":"https:\/\/kingstreasurebox.org\/es\/wp-json\/wp\/v2\/pages\/1422","targetHints":{"allow":["GET"]}}],"collection":[{"href":"https:\/\/kingstreasurebox.org\/es\/wp-json\/wp\/v2\/pages"}],"about":[{"href":"https:\/\/kingstreasurebox.org\/es\/wp-json\/wp\/v2\/types\/page"}],"author":[{"embeddable":true,"href":"https:\/\/kingstreasurebox.org\/es\/wp-json\/wp\/v2\/users\/1"}],"replies":[{"embeddable":true,"href":"https:\/\/kingstreasurebox.org\/es\/wp-json\/wp\/v2\/comments?post=1422"}],"version-history":[{"count":21,"href":"https:\/\/kingstreasurebox.org\/es\/wp-json\/wp\/v2\/pages\/1422\/revisions"}],"predecessor-version":[{"id":1491,"href":"https:\/\/kingstreasurebox.org\/es\/wp-json\/wp\/v2\/pages\/1422\/revisions\/1491"}],"wp:attachment":[{"href":"https:\/\/kingstreasurebox.org\/es\/wp-json\/wp\/v2\/media?parent=1422"}],"curies":[{"name":"wp","href":"https:\/\/api.w.org\/{rel}","templated":true}]}}