{"id":1426,"date":"2016-09-29T12:47:17","date_gmt":"2016-09-29T16:47:17","guid":{"rendered":"https:\/\/kingstreasurebox.org\/fundador-y-director-ejecutivo-ceo\/"},"modified":"2023-12-15T23:24:12","modified_gmt":"2023-12-16T04:24:12","slug":"fundador-y-director-ejecutivo-ceo","status":"publish","type":"page","link":"https:\/\/kingstreasurebox.org\/es\/nuestro-equipo\/equipo\/fundador-y-director-ejecutivo-ceo\/","title":{"rendered":"Fundador y Director Ejecutivo (CEO)."},"content":{"rendered":"<p>[et_pb_section bb_built=\u00bb1&#8243; admin_label=\u00bbsection\u00bb][et_pb_row admin_label=\u00bbrow\u00bb][et_pb_column type=\u00bb4_4&#8243;][et_pb_text admin_label=\u00bbText\u00bb]<\/p>\n<p><img decoding=\"async\" class=\"alignleft wp-image-139\" src=\"http:\/\/kingstreasurebox.org\/img\/Tammy.jpg\" alt=\"tammy\" width=\"500\" height=\"324\" title=\"\" srcset=\"https:\/\/kingstreasurebox.org\/img\/Tammy.jpg 850w, https:\/\/kingstreasurebox.org\/img\/Tammy-300x194.jpg 300w, https:\/\/kingstreasurebox.org\/img\/Tammy-600x388.jpg 600w, https:\/\/kingstreasurebox.org\/img\/Tammy-768x497.jpg 768w\" sizes=\"(max-width: 500px) 100vw, 500px\" \/>Hola, mi nombre es Tammy Kennedy y tambi\u00e9n soy una princesa sobreviviente de abusos horrendos. Me diagnosticaron con trastorno de identidad disociativo a los 17 a\u00f1os y pas\u00e9 muchos a\u00f1os entrando y saliendo de hospitales psiqui\u00e1tricos tratando de recuperarme. Sin embargo, con la ayuda de mi Padre Celestial, fieles consejeros, y un fuerte sistema de apoyo, san\u00e9, obtuve mi maestr\u00eda en Consejer\u00eda, me convert\u00ed en terapeuta, y ahora estoy ayudando a otros sobrevivientes aprender la verdad sobre ellos mismos y sobre el Rey que los ama. Mi meta es ayuda a sanar a millones de los hijos del Padre que han sido heridos por el abuso sexual infantil. Intervenci\u00f3n temprana en el proceso de sanaci\u00f3n es tan crucial. Me apasiona crear herramientas efectivas que ayudan a otros que quieren ayudar a los ni\u00f1os sanar. Al enfrentar las mentiras que los v\u00edctimas creen, y al ayudarles a entender la verdad sobre quienes son como preciosos hijos de Dios, pueden hayas sanidad, gozo, y su herencia real.  <\/p>\n<p>&nbsp;<\/p>\n<p>&nbsp;<\/p>\n<p>&nbsp;<\/p>\n<p>&nbsp;<\/p>\n<p>&nbsp;<\/p>\n<p>[\/et_pb_text][\/et_pb_column][\/et_pb_row][\/et_pb_section][et_pb_section bb_built=\u00bb1&#8243; admin_label=\u00bbsection\u00bb transparent_background=\u00bboff\u00bb background_color=\u00bb#9624e2&#8243; allow_player_pause=\u00bboff\u00bb inner_shadow=\u00bboff\u00bb parallax=\u00bboff\u00bb parallax_method=\u00bbon\u00bb custom_padding=\u00bb44px|0px|13px|0px\u00bb padding_mobile=\u00bboff\u00bb make_fullwidth=\u00bboff\u00bb use_custom_width=\u00bboff\u00bb width_unit=\u00bboff\u00bb make_equal=\u00bboff\u00bb use_custom_gutter=\u00bboff\u00bb fullwidth=\u00bbon\u00bb specialty=\u00bboff\u00bb custom_css_main_element=\u00bbcolor:white;\u00bb disabled=\u00bboff\u00bb][et_pb_fullwidth_code admin_label=\u00bbFullwidth Code\u00bb custom_css_main_element=\u00bbcolor:white;\u00bb disabled saved_tabs=\u00bball\u00bb]&lt;p style=\u00bbtext-align: center;\u00bb&gt;King\u2019s Treasure Box Ministries, Inc. \u24b8 2016 &#8211; All Rights Reserved&lt;br \/&gt; Mailing Address: 4920 Atlanta Hwy #373, Alpharetta, GA 30004&lt;br \/&gt;Phone: 470.695.4174&lt;br \/&gt; Business Hours: By Appointment Only&lt;\/p&gt;[\/et_pb_fullwidth_code][\/et_pb_section]<\/p>\n","protected":false},"excerpt":{"rendered":"<p>Hola, mi nombre es Tammy Kennedy y tambi\u00e9n soy una princesa sobreviviente de abusos horrendos. Me diagnosticaron con trastorno de identidad disociativo a los 17 a\u00f1os y pas\u00e9 muchos a\u00f1os entrando y saliendo de hospitales psiqui\u00e1tricos tratando de recuperarme.  Leer mas\u2026<\/p>\n","protected":false},"author":1,"featured_media":1280,"parent":1492,"menu_order":0,"comment_status":"closed","ping_status":"closed","template":"","meta":{"_et_pb_use_builder":"on","_et_pb_old_content":"","_et_gb_content_width":"","footnotes":""},"class_list":["post-1426","page","type-page","status-publish","has-post-thumbnail","hentry"],"_links":{"self":[{"href":"https:\/\/kingstreasurebox.org\/es\/wp-json\/wp\/v2\/pages\/1426","targetHints":{"allow":["GET"]}}],"collection":[{"href":"https:\/\/kingstreasurebox.org\/es\/wp-json\/wp\/v2\/pages"}],"about":[{"href":"https:\/\/kingstreasurebox.org\/es\/wp-json\/wp\/v2\/types\/page"}],"author":[{"embeddable":true,"href":"https:\/\/kingstreasurebox.org\/es\/wp-json\/wp\/v2\/users\/1"}],"replies":[{"embeddable":true,"href":"https:\/\/kingstreasurebox.org\/es\/wp-json\/wp\/v2\/comments?post=1426"}],"version-history":[{"count":5,"href":"https:\/\/kingstreasurebox.org\/es\/wp-json\/wp\/v2\/pages\/1426\/revisions"}],"predecessor-version":[{"id":1431,"href":"https:\/\/kingstreasurebox.org\/es\/wp-json\/wp\/v2\/pages\/1426\/revisions\/1431"}],"up":[{"embeddable":true,"href":"https:\/\/kingstreasurebox.org\/es\/wp-json\/wp\/v2\/pages\/1492"}],"wp:featuredmedia":[{"embeddable":true,"href":"https:\/\/kingstreasurebox.org\/es\/wp-json\/wp\/v2\/media\/1280"}],"wp:attachment":[{"href":"https:\/\/kingstreasurebox.org\/es\/wp-json\/wp\/v2\/media?parent=1426"}],"curies":[{"name":"wp","href":"https:\/\/api.w.org\/{rel}","templated":true}]}}