{"id":1432,"date":"2016-09-29T12:42:28","date_gmt":"2016-09-29T16:42:28","guid":{"rendered":"https:\/\/kingstreasurebox.org\/gena-mastrogianakis-vicepresidente\/"},"modified":"2023-12-15T23:28:37","modified_gmt":"2023-12-16T04:28:37","slug":"gena-mastrogianakis-vicepresidente","status":"publish","type":"page","link":"https:\/\/kingstreasurebox.org\/es\/nuestro-equipo\/equipo\/gena-mastrogianakis-vicepresidente\/","title":{"rendered":"Gena Mastrogianakis &#8211; Vicepresidente"},"content":{"rendered":"<p>[et_pb_section bb_built=\u00bb1&#8243; admin_label=\u00bbsection\u00bb][et_pb_row admin_label=\u00bbrow\u00bb][et_pb_column type=\u00bb4_4&#8243;][et_pb_text admin_label=\u00bbText\u00bb]<\/p>\n<p><img decoding=\"async\" class=\"alignleft wp-image-131\" src=\"http:\/\/kingstreasurebox.org\/img\/Gena.jpg\" alt=\"gena\" width=\"500\" height=\"324\" title=\"\" srcset=\"https:\/\/kingstreasurebox.org\/img\/Gena.jpg 850w, https:\/\/kingstreasurebox.org\/img\/Gena-300x194.jpg 300w, https:\/\/kingstreasurebox.org\/img\/Gena-600x388.jpg 600w, https:\/\/kingstreasurebox.org\/img\/Gena-768x497.jpg 768w\" sizes=\"(max-width: 500px) 100vw, 500px\" \/><span style=\"font-weight: 400;\">La Dra. Mastrogianakisis<\/span> <span style=\"font-weight: 400;\">es actualmente una m\u00e9dica en el Progressive Medical Center. Recibi\u00f3 su Doctorado en Medicina de St. Christopher\u2019s College of Medicine, y complet\u00f3 su residencia en Medicina Familiar en la Universidad de Emory. La Dra. Mastrogianakisis siente especial pasi\u00f3n por la medicina integral y hol\u00edstica. Le gusta pasar tiempo conociendo a sus pacientes y formulando un plan de diagn\u00f3stico y tratamiento para abordar no solo los s\u00edntomas, sino la causa de los s\u00edntomas.   <\/span><\/p>\n<p><span style=\"font-weight: 400;\">Una nota de la doctora\u2026<\/span><\/p>\n<p><i><span style=\"font-weight: 400;\">Estoy encantada de formar parte de la junta de King&#8217;s Treasure Box Ministries porque me apasiona la intervenci\u00f3n temprana y la curaci\u00f3n de aquellos que han sido abusados sexualmente. El deseo de mi coraz\u00f3n es ver a ni\u00f1os y adultos libres, mental y f\u00edsicamente, del trauma experimentado en la infancia.  <\/span><\/i><\/p>\n<p>&nbsp;<\/p>\n<p><i><span style=\"font-weight: 400;\">Como m\u00e9dico de Progressive Medical Center, veo una amplia gama de signos y s\u00edntomas que se manifiestan por todo tipo de procesos de enfermedad. Muchos son de naturaleza autoinmune y tienen sus ra\u00edces en el trauma sexual infantil. A menudo, cuando mis pacientes se curan emocionalmente, sus s\u00edntomas comienzan a disiparse. Estaba muy emocionado de descubrir los libros de curaci\u00f3n producidos por este ministerio y salt\u00e9 alegremente a bordo para ayudar. Aunque est\u00e1 escrito para ni\u00f1os, los libros han profundizado la curaci\u00f3n de algunos de mis pacientes adultos que me han revelado sus traumas infantiles.    <\/span><\/i><\/p>\n<p><span style=\"font-weight: 400;\">La Dra. Gena Mastrogianakis actualmente reside en Atlanta, donde vive con su esposo y dos hijos. Sus pasatiempos incluyen el tiempo en familia, hacer ejercicio a trav\u00e9s de CrossFit, actividades de la iglesia, estar afuera en la naturaleza (principalmente en una playa), leer y participar en un buen di\u00e1logo. Ella es aventurera y le encanta aprender cosas nuevas.  <\/span><\/p>\n<p>[\/et_pb_text][\/et_pb_column][\/et_pb_row][\/et_pb_section][et_pb_section bb_built=\u00bb1&#8243; admin_label=\u00bbsection\u00bb transparent_background=\u00bboff\u00bb background_color=\u00bb#9624e2&#8243; allow_player_pause=\u00bboff\u00bb inner_shadow=\u00bboff\u00bb parallax=\u00bboff\u00bb parallax_method=\u00bbon\u00bb custom_padding=\u00bb44px|0px|13px|0px\u00bb padding_mobile=\u00bboff\u00bb make_fullwidth=\u00bboff\u00bb use_custom_width=\u00bboff\u00bb width_unit=\u00bboff\u00bb make_equal=\u00bboff\u00bb use_custom_gutter=\u00bboff\u00bb fullwidth=\u00bbon\u00bb specialty=\u00bboff\u00bb custom_css_main_element=\u00bbcolor:white;\u00bb disabled=\u00bboff\u00bb][et_pb_fullwidth_code admin_label=\u00bbFullwidth Code\u00bb custom_css_main_element=\u00bbcolor:white;\u00bb disabled saved_tabs=\u00bball\u00bb]&lt;p style=\u00bbtext-align: center;\u00bb&gt;King\u2019s Treasure Box Ministries, Inc. \u24b8 2016 &#8211; All Rights Reserved&lt;br \/&gt; Mailing Address: 4920 Atlanta Hwy #373, Alpharetta, GA 30004&lt;br \/&gt;Phone: 470.695.4174&lt;br \/&gt; Business Hours: By Appointment Only&lt;\/p&gt;[\/et_pb_fullwidth_code][\/et_pb_section]<\/p>\n","protected":false},"excerpt":{"rendered":"<p>La Dra. Gena Mastrogianakis es actualmente una m\u00e9dica en el Progressive Medical Center. Recibi\u00f3 su Doctorado en Medicina de St. Christopher\u2019s College of Medicine, y complet\u00f3 su residencia en Medicina Familiar en la Universidad de Emory.  Leer mas\u2026<\/p>\n","protected":false},"author":1,"featured_media":1272,"parent":1492,"menu_order":0,"comment_status":"closed","ping_status":"closed","template":"","meta":{"_et_pb_use_builder":"on","_et_pb_old_content":"","_et_gb_content_width":"","footnotes":""},"class_list":["post-1432","page","type-page","status-publish","has-post-thumbnail","hentry"],"_links":{"self":[{"href":"https:\/\/kingstreasurebox.org\/es\/wp-json\/wp\/v2\/pages\/1432","targetHints":{"allow":["GET"]}}],"collection":[{"href":"https:\/\/kingstreasurebox.org\/es\/wp-json\/wp\/v2\/pages"}],"about":[{"href":"https:\/\/kingstreasurebox.org\/es\/wp-json\/wp\/v2\/types\/page"}],"author":[{"embeddable":true,"href":"https:\/\/kingstreasurebox.org\/es\/wp-json\/wp\/v2\/users\/1"}],"replies":[{"embeddable":true,"href":"https:\/\/kingstreasurebox.org\/es\/wp-json\/wp\/v2\/comments?post=1432"}],"version-history":[{"count":2,"href":"https:\/\/kingstreasurebox.org\/es\/wp-json\/wp\/v2\/pages\/1432\/revisions"}],"predecessor-version":[{"id":1434,"href":"https:\/\/kingstreasurebox.org\/es\/wp-json\/wp\/v2\/pages\/1432\/revisions\/1434"}],"up":[{"embeddable":true,"href":"https:\/\/kingstreasurebox.org\/es\/wp-json\/wp\/v2\/pages\/1492"}],"wp:featuredmedia":[{"embeddable":true,"href":"https:\/\/kingstreasurebox.org\/es\/wp-json\/wp\/v2\/media\/1272"}],"wp:attachment":[{"href":"https:\/\/kingstreasurebox.org\/es\/wp-json\/wp\/v2\/media?parent=1432"}],"curies":[{"name":"wp","href":"https:\/\/api.w.org\/{rel}","templated":true}]}}