{"id":1435,"date":"2016-09-29T12:46:08","date_gmt":"2016-09-29T16:46:08","guid":{"rendered":"https:\/\/kingstreasurebox.org\/paul-ponte-director-financiero-cfo\/"},"modified":"2023-12-15T23:30:32","modified_gmt":"2023-12-16T04:30:32","slug":"paul-ponte-director-financiero-cfo","status":"publish","type":"page","link":"https:\/\/kingstreasurebox.org\/es\/nuestro-equipo\/equipo\/paul-ponte-director-financiero-cfo\/","title":{"rendered":"Paul Ponte &#8211; Director Financiero (CFO)"},"content":{"rendered":"<p>[et_pb_section bb_built=\u00bb1&#8243; admin_label=\u00bbsection\u00bb][et_pb_row admin_label=\u00bbrow\u00bb][et_pb_column type=\u00bb4_4&#8243;][et_pb_text admin_label=\u00bbText\u00bb]<\/p>\n<p><img decoding=\"async\" class=\"alignleft wp-image-137\" src=\"http:\/\/kingstreasurebox.org\/img\/Paul.jpg\" alt=\"paul\" width=\"500\" height=\"324\" title=\"\" srcset=\"https:\/\/kingstreasurebox.org\/img\/Paul.jpg 850w, https:\/\/kingstreasurebox.org\/img\/Paul-300x194.jpg 300w, https:\/\/kingstreasurebox.org\/img\/Paul-600x388.jpg 600w, https:\/\/kingstreasurebox.org\/img\/Paul-768x497.jpg 768w\" sizes=\"(max-width: 500px) 100vw, 500px\" \/>Paul J. Ponte es cofundador, coadministrador y CEO de Triumph Management, LLC. El Sr. Ponte cuenta con m\u00e1s de 20 a\u00f1os de experiencia en administraci\u00f3n financiera y experiencia comercial multifac\u00e9tica en diversas industrias, incluyendo: desarrollo inmobiliario y propiedad administraci\u00f3n, servicios financieros, productos de consumo, farmac\u00e9utica, salud y belleza, y tecnolog\u00eda. El Sr. Ponte es un profesional orientado a resultados con una pasi\u00f3n por ayudar a los dem\u00e1s. El Sr. Ponte se complace en unirse a la junta directiva de King&#8217;s Treasure Box Ministries como una forma para empoderar a las v\u00edctimas de abuso sexual. El Sr. Ponte fue el director financiero de una empresa de tecnolog\u00eda de mercado intermedio con sede en Atlanta, as\u00ed como vicepresidente y director financiero de Citizens Financial Group. Tambi\u00e9n ocup\u00f3 diversos puestos de an\u00e1lisis y gesti\u00f3n financiera en varias empresas multimillonarias, incluidas Ocean Spray Cranberries, CVS, Bristol-Myers Squibb, Clairol y Ernst &amp; Young. Nacido en Rhode Island, el Sr. Ponte es ex CPA y recibi\u00f3 una Licenciatura en Ciencias en Administraci\u00f3n de Empresas, as\u00ed como una Maestr\u00eda en Administraci\u00f3n de Empresas de la Universidad de Rhode Island. El Sr. Ponte es miembro de la Junta Directiva de varias organizaciones sin fines de lucro que brindan viviendas asequibles a comunidades de todo el medio oeste y sureste. Est\u00e1 casado y tiene dos hijos y vive justo al norte de Atlanta   <\/p>\n<p>&nbsp;<\/p>\n<p>&nbsp;<\/p>\n<p>&nbsp;<\/p>\n<p>&nbsp;<\/p>\n<p>[\/et_pb_text][\/et_pb_column][\/et_pb_row][\/et_pb_section][et_pb_section bb_built=\u00bb1&#8243; admin_label=\u00bbsection\u00bb transparent_background=\u00bboff\u00bb background_color=\u00bb#9624e2&#8243; allow_player_pause=\u00bboff\u00bb inner_shadow=\u00bboff\u00bb parallax=\u00bboff\u00bb parallax_method=\u00bbon\u00bb custom_padding=\u00bb44px|0px|13px|0px\u00bb padding_mobile=\u00bboff\u00bb make_fullwidth=\u00bboff\u00bb use_custom_width=\u00bboff\u00bb width_unit=\u00bboff\u00bb make_equal=\u00bboff\u00bb use_custom_gutter=\u00bboff\u00bb fullwidth=\u00bbon\u00bb specialty=\u00bboff\u00bb custom_css_main_element=\u00bbcolor:white;\u00bb disabled=\u00bboff\u00bb][et_pb_fullwidth_code admin_label=\u00bbFullwidth Code\u00bb custom_css_main_element=\u00bbcolor:white;\u00bb disabled saved_tabs=\u00bball\u00bb]&lt;p style=\u00bbtext-align: center;\u00bb&gt;King\u2019s Treasure Box Ministries, Inc. \u24b8 2016 &#8211; All Rights Reserved&lt;br \/&gt; Mailing Address: 4920 Atlanta Hwy #373, Alpharetta, GA 30004&lt;br \/&gt;Phone: 470.695.4174&lt;br \/&gt; Business Hours: By Appointment Only&lt;\/p&gt;[\/et_pb_fullwidth_code][\/et_pb_section]<\/p>\n","protected":false},"excerpt":{"rendered":"<p>Paul J. Ponte es cofundador, coadministrador y CEO de Triumph Management, LLC. El Sr. Ponte cuenta con m\u00e1s de 20 a\u00f1os de experiencia en administraci\u00f3n financiera y experiencia comercial multifac\u00e9tica en diversas industrias  Leer mas\u2026<\/p>\n","protected":false},"author":1,"featured_media":1278,"parent":1492,"menu_order":0,"comment_status":"closed","ping_status":"closed","template":"","meta":{"_et_pb_use_builder":"on","_et_pb_old_content":"","_et_gb_content_width":"","footnotes":""},"class_list":["post-1435","page","type-page","status-publish","has-post-thumbnail","hentry"],"_links":{"self":[{"href":"https:\/\/kingstreasurebox.org\/es\/wp-json\/wp\/v2\/pages\/1435","targetHints":{"allow":["GET"]}}],"collection":[{"href":"https:\/\/kingstreasurebox.org\/es\/wp-json\/wp\/v2\/pages"}],"about":[{"href":"https:\/\/kingstreasurebox.org\/es\/wp-json\/wp\/v2\/types\/page"}],"author":[{"embeddable":true,"href":"https:\/\/kingstreasurebox.org\/es\/wp-json\/wp\/v2\/users\/1"}],"replies":[{"embeddable":true,"href":"https:\/\/kingstreasurebox.org\/es\/wp-json\/wp\/v2\/comments?post=1435"}],"version-history":[{"count":2,"href":"https:\/\/kingstreasurebox.org\/es\/wp-json\/wp\/v2\/pages\/1435\/revisions"}],"predecessor-version":[{"id":1437,"href":"https:\/\/kingstreasurebox.org\/es\/wp-json\/wp\/v2\/pages\/1435\/revisions\/1437"}],"up":[{"embeddable":true,"href":"https:\/\/kingstreasurebox.org\/es\/wp-json\/wp\/v2\/pages\/1492"}],"wp:featuredmedia":[{"embeddable":true,"href":"https:\/\/kingstreasurebox.org\/es\/wp-json\/wp\/v2\/media\/1278"}],"wp:attachment":[{"href":"https:\/\/kingstreasurebox.org\/es\/wp-json\/wp\/v2\/media?parent=1435"}],"curies":[{"name":"wp","href":"https:\/\/api.w.org\/{rel}","templated":true}]}}