{"id":1438,"date":"2017-09-27T22:52:41","date_gmt":"2017-09-28T02:52:41","guid":{"rendered":"https:\/\/kingstreasurebox.org\/sanar-de-un-abuso-sexual\/"},"modified":"2023-12-15T23:59:38","modified_gmt":"2023-12-16T04:59:38","slug":"sanar-de-un-abuso-sexual","status":"publish","type":"page","link":"https:\/\/kingstreasurebox.org\/es\/sanar-de-un-abuso-sexual\/","title":{"rendered":"Sanar de un abuso sexual"},"content":{"rendered":"<p>[et_pb_section fb_built=\u00bb1&#8243; admin_label=\u00bbsection\u00bb _builder_version=\u00bb3.22&#8243;][et_pb_row admin_label=\u00bbrow\u00bb _builder_version=\u00bb3.25&#8243; background_size=\u00bbinitial\u00bb background_position=\u00bbtop_left\u00bb background_repeat=\u00bbrepeat\u00bb][et_pb_column type=\u00bb4_4&#8243; _builder_version=\u00bb3.25&#8243; custom_padding=\u00bb|||\u00bb custom_padding__hover=\u00bb|||\u00bb][et_pb_text _builder_version=\u00bb3.27.4&#8243; background_size=\u00bbinitial\u00bb background_position=\u00bbtop_left\u00bb background_repeat=\u00bbrepeat\u00bb]<\/p>\n<p style=\"text-align: left;\">Sanar de una agresi\u00f3n o abuso sexual es un proceso largo, cada sobreviviente tiene una historia diferente y seguir\u00e1 un camino \u00fanico para dejar de creer en las mentiras y nuevamente encontrarse as\u00ed mismo. Buscar ayuda profesional siempre es una excelente manera de comenzar, hablar con alguien que pueda escuchar y brindar el apoyo adecuado.\n<\/p>\n<p style=\"text-align: left;\">Si has sido una v\u00edctima de abuso, o si deseas ayudar a alguien que ha sido maltratado, prep\u00e1rate para el hecho de que podr\u00eda requerir semanas, meses, incluso a\u00f1os. A continuaci\u00f3n encontrar\u00e1s algunos art\u00edculos que pueden ayudarte durante este proceso. <\/p>\n<p>[\/et_pb_text][\/et_pb_column][\/et_pb_row][et_pb_row _builder_version=\u00bb3.25&#8243; background_size=\u00bbinitial\u00bb background_position=\u00bbtop_left\u00bb background_repeat=\u00bbrepeat\u00bb][et_pb_column type=\u00bb4_4&#8243; _builder_version=\u00bb3.25&#8243; custom_padding=\u00bb|||\u00bb custom_padding__hover=\u00bb|||\u00bb][et_pb_divider color=\u00bb#9e00e8&#8243; divider_position=\u00bbcenter\u00bb divider_weight=\u00bb2&#8243; disabled_on=\u00bbon|on|off\u00bb _builder_version=\u00bb3.23.4&#8243; height=\u00bb2px\u00bb][\/et_pb_divider][\/et_pb_column][\/et_pb_row][et_pb_row column_structure=\u00bb1_2,1_2&#8243; _builder_version=\u00bb3.25&#8243; background_size=\u00bbinitial\u00bb background_position=\u00bbtop_left\u00bb background_repeat=\u00bbrepeat\u00bb][et_pb_column type=\u00bb1_2&#8243; _builder_version=\u00bb3.25&#8243; custom_padding=\u00bb|||\u00bb custom_padding__hover=\u00bb|||\u00bb][et_pb_text disabled_on=\u00bboff||\u00bb _builder_version=\u00bb3.27.4&#8243; background_size=\u00bbinitial\u00bb background_position=\u00bbtop_left\u00bb background_repeat=\u00bbrepeat\u00bb custom_padding=\u00bb25px||25px|\u00bb]<\/p>\n<h1 style=\"text-align: left;\"><span style=\"color: #800080;\">PARA SOBREVIVIENTES<\/span><\/h1>\n<p>[\/et_pb_text][et_pb_text disabled_on=\u00bboff||\u00bb _builder_version=\u00bb4.4.2&#8243; background_size=\u00bbinitial\u00bb background_position=\u00bbtop_left\u00bb background_repeat=\u00bbrepeat\u00bb custom_padding=\u00bb25px||25px|\u00bb hover_enabled=\u00bb0&#8243; link_option_url=\u00bbhttp:\/\/kingstreasurebox.org\/healing-from-sexual-abuse\/what-is-the-difference-between-guilt-and-shame\/\u00bb]<\/p>\n<h2><a href=\"http:\/\/kingstreasurebox.org\/healing-from-sexual-abuse\/what-is-the-difference-between-guilt-and-shame\/\">\u00bfCu\u00e1l es la diferencia entre culpa y verg\u00fcenza?<\/a><\/h2>\n<p>Todos los sobrevivientes con los que he trabajado han tenido problemas de culpa y verg\u00fcenza. La culpa es cuando nos sentimos mal por haber hecho algo malo. La verg\u00fcenza es cuando nos sentimos mal por lo que somos. La culpa conduce a la verg\u00fcenza.<br \/>\n[\/et_pb_text][et_pb_text disabled_on=\u00bboff||\u00bb _builder_version=\u00bb4.4.2&#8243; background_size=\u00bbinitial\u00bb background_position=\u00bbtop_left\u00bb background_repeat=\u00bbrepeat\u00bb custom_padding=\u00bb25px||25px|\u00bb hover_enabled=\u00bb0&#8243; link_option_url=\u00bbhttp:\/\/kingstreasurebox.org\/healing-from-sexual-abuse\/eating-disorders\/\u00bb]<\/p>\n<h2><a href=\"http:\/\/kingstreasurebox.org\/healing-from-sexual-abuse\/eating-disorders\/\">TRASTORNOS ALIMENTARIOS: \u00bfCU\u00c1LES SON LOS S\u00cdNTOMAS?<\/a><\/h2>\n<p><span>Si tienes un trastorno alimentario o conoces a alguien que podr\u00eda tenerlo, busca ayuda de un profesional de la salud especializado. Cuanto antes se detecte un trastorno alimentario, mayores son las posibilidades de recuperaci\u00f3n. <\/span><\/p>\n<p>&nbsp;<\/p>\n<p>[\/et_pb_text][et_pb_text disabled_on=\u00bboff||\u00bb _builder_version=\u00bb4.4.2&#8243; background_size=\u00bbinitial\u00bb background_position=\u00bbtop_left\u00bb background_repeat=\u00bbrepeat\u00bb custom_padding=\u00bb25px||25px|\u00bb hover_enabled=\u00bb0&#8243; link_option_url=\u00bbhttp:\/\/kingstreasurebox.org\/healing-from-sexual-abuse\/how-does-therapy-help-abuse\/\u00bb]<\/p>\n<h2><a href=\"http:\/\/kingstreasurebox.org\/healing-from-sexual-abuse\/how-does-therapy-help-abuse\/\">\u00bfEn qu\u00e9 me ayudar\u00eda recibir terapia si me han abusado?<\/a><\/h2>\n<p>Un terapeuta capacitado y afectuoso te dar\u00e1 la oportunidad de ser escuchado, cre\u00eddo y cuidado en un entorno seguro y sin prejuicios. Para m\u00ed, descubrir mi pasado fue como tratar de armar un rompecabezas, y que siempre faltaban piezas <\/p>\n<p>&nbsp;<br \/>\n[\/et_pb_text][et_pb_text disabled_on=\u00bboff||\u00bb _builder_version=\u00bb4.4.2&#8243; background_size=\u00bbinitial\u00bb background_position=\u00bbtop_left\u00bb background_repeat=\u00bbrepeat\u00bb custom_padding=\u00bb25px||25px|\u00bb hover_enabled=\u00bb0&#8243; link_option_url=\u00bbhttp:\/\/kingstreasurebox.org\/media-for-survivors-of-sexual-abuse\/\u00bb]<\/p>\n<h2><a href=\"http:\/\/kingstreasurebox.org\/media-for-survivors-of-sexual-abuse\/\">CONSUMIR CONTENIDO COMO UN SOBREVIVIENTE DE ABUSO SEXUAL<\/a><\/h2>\n<p>Durante tu camino hacia la curaci\u00f3n, aprendes muchas maneras de protegerte de encuentros con medios que podr\u00edan despertar emociones de ansiedad, miedo y posibles flashbacks de violencia sexual.<span>Aqu\u00ed hay algunas formas de manejar de manera segura im\u00e1genes de abuso sexual en los medios de comunicaci\u00f3n cotidianos. <\/span><\/p>\n<p>&nbsp;<\/p>\n<p>[\/et_pb_text][\/et_pb_column][et_pb_column type=\u00bb1_2&#8243; _builder_version=\u00bb3.25&#8243; custom_padding=\u00bb|||\u00bb custom_padding__hover=\u00bb|||\u00bb][et_pb_text _builder_version=\u00bb3.27.4&#8243; background_size=\u00bbinitial\u00bb background_position=\u00bbtop_left\u00bb background_repeat=\u00bbrepeat\u00bb custom_padding=\u00bb25px||25px|\u00bb]<\/p>\n<h1 style=\"text-align: left;\"><span style=\"color: #800080;\">PARA TUS AMADOS<\/span><\/h1>\n<p>[\/et_pb_text][et_pb_text _builder_version=\u00bb4.4.2&#8243; background_size=\u00bbinitial\u00bb background_position=\u00bbtop_left\u00bb background_repeat=\u00bbrepeat\u00bb custom_padding=\u00bb25px||25px|\u00bb hover_enabled=\u00bb0&#8243; link_option_url=\u00bbhttp:\/\/kingstreasurebox.org\/healing-from-sexual-abuse\/what-parents-need-to-know\/\u00bb]<\/p>\n<h2><a href=\"http:\/\/kingstreasurebox.org\/healing-from-sexual-abuse\/what-parents-need-to-know\/\">Lo que los padres tienen que saber<\/a><\/h2>\n<p>Si tu hijo de 12-18 a\u00f1os estuviera involucrado en una actividad que aumentara su riesgo de abuso de sustancias, comportamiento sexual arriesgado, trastornos de la alimentaci\u00f3n, creciente y futura violencia dom\u00e9stica, \u00bfqu\u00e9 har\u00edas?<br \/>\n[\/et_pb_text][et_pb_text disabled_on=\u00bboff||\u00bb _builder_version=\u00bb4.4.2&#8243; background_size=\u00bbinitial\u00bb background_position=\u00bbtop_left\u00bb background_repeat=\u00bbrepeat\u00bb custom_padding=\u00bb25px||25px|\u00bb hover_enabled=\u00bb0&#8243; link_option_url=\u00bbhttp:\/\/kingstreasurebox.org\/healing-from-sexual-abuse\/how-to-help-a-survivor-of-sexual-assault\/\u00bb]<\/p>\n<h2><a href=\"http:\/\/kingstreasurebox.org\/healing-from-sexual-abuse\/how-to-help-a-survivor-of-sexual-assault\/\">C\u00d3MO AYUDAR A UN SOBREVIVIENTE DE AGRESI\u00d3N SEXUAL<\/a><\/h2>\n<p>Ya sea tu propio hijo, un amigo o alguien m\u00e1s que conozcas, probablemente sientas que nada de lo que digas puede reparar el da\u00f1o hecho a su cuerpo, alma y esp\u00edritu. La verdad es que tienes raz\u00f3n. La verdad es que tienes raz\u00f3n.<\/p>\n<p>&nbsp;<br \/>\n[\/et_pb_text][et_pb_text _builder_version=\u00bb4.4.2&#8243; background_size=\u00bbinitial\u00bb background_position=\u00bbtop_left\u00bb background_repeat=\u00bbrepeat\u00bb custom_padding=\u00bb25px||25px|\u00bb hover_enabled=\u00bb0&#8243; link_option_url=\u00bbhttp:\/\/kingstreasurebox.org\/healing-from-sexual-abuse\/how-do-i-keep-my-child-safe\/\u00bb]<\/p>\n<h2><a href=\"http:\/\/kingstreasurebox.org\/healing-from-sexual-abuse\/how-do-i-keep-my-child-safe\/\">Seguridad infantil<\/a><\/h2>\n<p>La responsabilidad de mantener a su hijo seguro puede ser abrumador, especialmente con tantas personas e influencias inseguras en nuestro entorno.<\/p>\n<p>&nbsp;<br \/>\n[\/et_pb_text][et_pb_text _builder_version=\u00bb4.4.2&#8243; background_size=\u00bbinitial\u00bb background_position=\u00bbtop_left\u00bb background_repeat=\u00bbrepeat\u00bb custom_padding=\u00bb25px||25px|\u00bb hover_enabled=\u00bb0&#8243; link_option_url=\u00bbhttp:\/\/kingstreasurebox.org\/healing-from-sexual-abuse\/child-needs-from-parents\/\u00bb]<\/p>\n<h2><a href=\"http:\/\/kingstreasurebox.org\/healing-from-sexual-abuse\/child-needs-from-parents\/\">Lo que mi hijo necesita<\/a><\/h2>\n<p>La responsabilidad de mantener a su hijo seguro puede ser abrumador, especialmente con tantas personas e influencias inseguras en nuestro entorno.<\/p>\n<p>&nbsp;<br \/>\n[\/et_pb_text][et_pb_text _builder_version=\u00bb3.27.4&#8243; background_size=\u00bbinitial\u00bb background_position=\u00bbtop_left\u00bb background_repeat=\u00bbrepeat\u00bb][\/et_pb_text][\/et_pb_column][\/et_pb_row][\/et_pb_section][et_pb_section fb_built=\u00bb1&#8243; fullwidth=\u00bbon\u00bb custom_padding_last_edited=\u00bbon|desktop\u00bb admin_label=\u00bbsection\u00bb _builder_version=\u00bb3.22&#8243; background_color=\u00bb#9624e2&#8243; custom_padding=\u00bb44px|0px|13px|0px\u00bb custom_padding_tablet=\u00bb50px|0|50px|0&#8243; custom_padding_phone=\u00bb\u00bb custom_css_main_element=\u00bbcolor:white;\u00bb padding_mobile=\u00bboff\u00bb][et_pb_fullwidth_code custom_css_main_element=\u00bbcolor:white;\u00bb saved_tabs=\u00bball\u00bb]<pee style=\"text-align: center;\">King\u2019s Treasure Box Ministries, Inc. \u24b8 2016 &#8211; All Rights Reserved Mailing Address: 4920 Atlanta Hwy #373, Alpharetta, GA 30004Phone: 470.695.4174 Business Hours: By Appointment Only<\/pee>[\/et_pb_fullwidth_code][\/et_pb_section]<\/p>\n","protected":false},"excerpt":{"rendered":"<p>Sanar de una agresi\u00f3n o abuso sexual es un proceso largo, cada sobreviviente tiene una historia diferente y seguir\u00e1 un camino \u00fanico para dejar de creer en las mentiras y nuevamente encontrarse as\u00ed mismo. Buscar ayuda profesional siempre es una excelente manera de comenzar, hablar con alguien que pueda escuchar y brindar el apoyo adecuado. [&hellip;]<\/p>\n","protected":false},"author":1,"featured_media":0,"parent":0,"menu_order":0,"comment_status":"closed","ping_status":"closed","template":"","meta":{"_et_pb_use_builder":"on","_et_pb_old_content":"","_et_gb_content_width":"","footnotes":""},"class_list":["post-1438","page","type-page","status-publish","hentry"],"_links":{"self":[{"href":"https:\/\/kingstreasurebox.org\/es\/wp-json\/wp\/v2\/pages\/1438","targetHints":{"allow":["GET"]}}],"collection":[{"href":"https:\/\/kingstreasurebox.org\/es\/wp-json\/wp\/v2\/pages"}],"about":[{"href":"https:\/\/kingstreasurebox.org\/es\/wp-json\/wp\/v2\/types\/page"}],"author":[{"embeddable":true,"href":"https:\/\/kingstreasurebox.org\/es\/wp-json\/wp\/v2\/users\/1"}],"replies":[{"embeddable":true,"href":"https:\/\/kingstreasurebox.org\/es\/wp-json\/wp\/v2\/comments?post=1438"}],"version-history":[{"count":5,"href":"https:\/\/kingstreasurebox.org\/es\/wp-json\/wp\/v2\/pages\/1438\/revisions"}],"predecessor-version":[{"id":1443,"href":"https:\/\/kingstreasurebox.org\/es\/wp-json\/wp\/v2\/pages\/1438\/revisions\/1443"}],"wp:attachment":[{"href":"https:\/\/kingstreasurebox.org\/es\/wp-json\/wp\/v2\/media?parent=1438"}],"curies":[{"name":"wp","href":"https:\/\/api.w.org\/{rel}","templated":true}]}}