{"id":1447,"date":"2016-10-01T14:43:21","date_gmt":"2016-10-01T18:43:21","guid":{"rendered":"https:\/\/kingstreasurebox.org\/recursos\/"},"modified":"2023-12-16T00:09:56","modified_gmt":"2023-12-16T05:09:56","slug":"recursos","status":"publish","type":"page","link":"https:\/\/kingstreasurebox.org\/es\/recursos\/","title":{"rendered":"RECURSOS"},"content":{"rendered":"<p>[et_pb_section bb_built=\u00bb1&#8243; admin_label=\u00bbsection\u00bb transparent_background=\u00bboff\u00bb allow_player_pause=\u00bboff\u00bb inner_shadow=\u00bboff\u00bb parallax=\u00bboff\u00bb parallax_method=\u00bbon\u00bb custom_padding=\u00bb13px|0px|79px|0px\u00bb padding_mobile=\u00bboff\u00bb make_fullwidth=\u00bboff\u00bb use_custom_width=\u00bboff\u00bb width_unit=\u00bboff\u00bb custom_width_px=\u00bb1080px\u00bb custom_width_percent=\u00bb80%\u00bb make_equal=\u00bboff\u00bb use_custom_gutter=\u00bboff\u00bb fullwidth=\u00bboff\u00bb specialty=\u00bboff\u00bb disabled=\u00bboff\u00bb][et_pb_row admin_label=\u00bbRow\u00bb make_fullwidth=\u00bboff\u00bb use_custom_width=\u00bboff\u00bb width_unit=\u00bboff\u00bb custom_width_px=\u00bb1080px\u00bb custom_width_percent=\u00bb80%\u00bb use_custom_gutter=\u00bboff\u00bb gutter_width=\u00bb2&#8243; padding_mobile=\u00bboff\u00bb allow_player_pause=\u00bboff\u00bb parallax=\u00bboff\u00bb parallax_method=\u00bbon\u00bb make_equal=\u00bboff\u00bb column_padding_mobile=\u00bbon\u00bb parallax_1=\u00bboff\u00bb parallax_method_1=\u00bbon\u00bb parallax_2=\u00bboff\u00bb parallax_method_2=\u00bbon\u00bb parallax_3=\u00bboff\u00bb parallax_method_3=\u00bbon\u00bb parallax_4=\u00bboff\u00bb parallax_method_4=\u00bbon\u00bb disabled=\u00bboff\u00bb][et_pb_column type=\u00bb4_4&#8243;][et_pb_text admin_label=\u00bbText\u00bb background_layout=\u00bblight\u00bb text_orientation=\u00bbleft\u00bb use_border_color=\u00bboff\u00bb border_style=\u00bbsolid\u00bb disabled=\u00bboff\u00bb border_color=\u00bb#ffffff\u00bb]<\/p>\n<h3 style=\"text-align: left;\">RECURSOS<\/h3>\n<p>&nbsp;<\/p>\n<p style=\"text-align: justify;\">A continuaci\u00f3n encontrar\u00e1 listas de enlaces, libros, documentales y n\u00fameros de tel\u00e9fono para ayudarlo a obtener m\u00e1s informaci\u00f3n y buscar ayuda.<\/p>\n<p>[\/et_pb_text][\/et_pb_column][\/et_pb_row][et_pb_row admin_label=\u00bbRow\u00bb make_fullwidth=\u00bboff\u00bb use_custom_width=\u00bboff\u00bb width_unit=\u00bboff\u00bb custom_width_px=\u00bb1080px\u00bb custom_width_percent=\u00bb80%\u00bb use_custom_gutter=\u00bboff\u00bb gutter_width=\u00bb2&#8243; padding_mobile=\u00bboff\u00bb allow_player_pause=\u00bboff\u00bb parallax=\u00bboff\u00bb parallax_method=\u00bbon\u00bb make_equal=\u00bboff\u00bb column_padding_mobile=\u00bbon\u00bb parallax_1=\u00bboff\u00bb parallax_method_1=\u00bbon\u00bb parallax_2=\u00bboff\u00bb parallax_method_2=\u00bbon\u00bb parallax_3=\u00bboff\u00bb parallax_method_3=\u00bbon\u00bb parallax_4=\u00bboff\u00bb parallax_method_4=\u00bbon\u00bb disabled=\u00bboff\u00bb][et_pb_column type=\u00bb1_3&#8243;][et_pb_image admin_label=\u00bbImage\u00bb src=\u00bbhttp:\/\/kingstreasurebox.org\/img\/out-of-darkness.jpg\u00bb title_text=\u00bbOut Of Darkness\u00bb show_in_lightbox=\u00bboff\u00bb url=\u00bbhttps:\/\/outofdarkness.org\/\u00bb url_new_window=\u00bbon\u00bb use_overlay=\u00bboff\u00bb animation=\u00bboff\u00bb sticky=\u00bboff\u00bb align=\u00bbcenter\u00bb force_fullwidth=\u00bboff\u00bb always_center_on_mobile=\u00bbon\u00bb use_border_color=\u00bbon\u00bb border_color=\u00bb#8300e9&#8243; border_style=\u00bbsolid\u00bb disabled=\u00bboff\u00bb]<\/p>\n<p>&nbsp;<\/p>\n<p>[\/et_pb_image][\/et_pb_column][et_pb_column type=\u00bb1_3&#8243;][et_pb_image admin_label=\u00bbImage\u00bb src=\u00bbhttp:\/\/kingstreasurebox.org\/img\/hope-thrives.jpg\u00bb show_in_lightbox=\u00bboff\u00bb url=\u00bbhttps:\/\/hopethrives.com\/\u00bb url_new_window=\u00bbon\u00bb use_overlay=\u00bboff\u00bb animation=\u00bboff\u00bb sticky=\u00bboff\u00bb align=\u00bbcenter\u00bb force_fullwidth=\u00bboff\u00bb always_center_on_mobile=\u00bbon\u00bb use_border_color=\u00bbon\u00bb border_color=\u00bb#8300e9&#8243; border_style=\u00bbsolid\u00bb disabled=\u00bboff\u00bb]<\/p>\n<p>&nbsp;<\/p>\n<p>[\/et_pb_image][\/et_pb_column][et_pb_column type=\u00bb1_3&#8243;][et_pb_image admin_label=\u00bbImage\u00bb src=\u00bbhttp:\/\/kingstreasurebox.org\/img\/rescuing-hope.jpg\u00bb show_in_lightbox=\u00bboff\u00bb url=\u00bbhttps:\/\/www.rescuinghope.com\/\u00bb url_new_window=\u00bbon\u00bb use_overlay=\u00bboff\u00bb animation=\u00bboff\u00bb sticky=\u00bboff\u00bb align=\u00bbcenter\u00bb force_fullwidth=\u00bboff\u00bb always_center_on_mobile=\u00bbon\u00bb use_border_color=\u00bbon\u00bb border_color=\u00bb#8300e9&#8243; border_style=\u00bbsolid\u00bb disabled=\u00bboff\u00bb]<\/p>\n<p>&nbsp;<\/p>\n<p>[\/et_pb_image][\/et_pb_column][\/et_pb_row][et_pb_row admin_label=\u00bbRow\u00bb make_fullwidth=\u00bboff\u00bb use_custom_width=\u00bboff\u00bb width_unit=\u00bboff\u00bb custom_width_px=\u00bb1080px\u00bb custom_width_percent=\u00bb80%\u00bb use_custom_gutter=\u00bboff\u00bb gutter_width=\u00bb2&#8243; padding_mobile=\u00bboff\u00bb allow_player_pause=\u00bboff\u00bb parallax=\u00bboff\u00bb parallax_method=\u00bbon\u00bb make_equal=\u00bboff\u00bb column_padding_mobile=\u00bbon\u00bb parallax_1=\u00bboff\u00bb parallax_method_1=\u00bbon\u00bb parallax_2=\u00bboff\u00bb parallax_method_2=\u00bbon\u00bb parallax_3=\u00bboff\u00bb parallax_method_3=\u00bbon\u00bb parallax_4=\u00bboff\u00bb parallax_method_4=\u00bbon\u00bb disabled=\u00bboff\u00bb][et_pb_column type=\u00bb1_3&#8243;][et_pb_image admin_label=\u00bbImage\u00bb src=\u00bbhttp:\/\/kingstreasurebox.org\/img\/youth-spark.jpg\u00bb title_text=\u00bbYouth Spark\u00bb show_in_lightbox=\u00bboff\u00bb url=\u00bbhttp:\/\/youth-spark.org\/\u00bb url_new_window=\u00bbon\u00bb use_overlay=\u00bboff\u00bb animation=\u00bboff\u00bb sticky=\u00bboff\u00bb align=\u00bbcenter\u00bb force_fullwidth=\u00bboff\u00bb always_center_on_mobile=\u00bbon\u00bb use_border_color=\u00bbon\u00bb border_color=\u00bb#8300e9&#8243; border_style=\u00bbsolid\u00bb disabled=\u00bboff\u00bb]<\/p>\n<p>&nbsp;<\/p>\n<p>[\/et_pb_image][\/et_pb_column][et_pb_column type=\u00bb1_3&#8243;][et_pb_image admin_label=\u00bbImage\u00bb src=\u00bbhttp:\/\/kingstreasurebox.org\/img\/true-north-freedom.jpg\u00bb show_in_lightbox=\u00bboff\u00bb url=\u00bbhttp:\/\/truenorthfp.org\/\u00bb url_new_window=\u00bbon\u00bb use_overlay=\u00bboff\u00bb animation=\u00bboff\u00bb sticky=\u00bboff\u00bb align=\u00bbcenter\u00bb force_fullwidth=\u00bboff\u00bb always_center_on_mobile=\u00bbon\u00bb use_border_color=\u00bbon\u00bb border_color=\u00bb#8300e9&#8243; border_style=\u00bbsolid\u00bb disabled=\u00bboff\u00bb]<\/p>\n<p>&nbsp;<\/p>\n<p>[\/et_pb_image][\/et_pb_column][et_pb_column type=\u00bb1_3&#8243;][et_pb_image admin_label=\u00bbImage\u00bb src=\u00bbhttp:\/\/kingstreasurebox.org\/img\/blazing-hope-ranch.png\u00bb show_in_lightbox=\u00bboff\u00bb url=\u00bbhttp:\/\/www.blazinghoperanch.org\/\u00bb url_new_window=\u00bbon\u00bb use_overlay=\u00bboff\u00bb animation=\u00bboff\u00bb sticky=\u00bboff\u00bb align=\u00bbcenter\u00bb force_fullwidth=\u00bboff\u00bb always_center_on_mobile=\u00bbon\u00bb use_border_color=\u00bbon\u00bb border_color=\u00bb#8300e9&#8243; border_style=\u00bbsolid\u00bb disabled=\u00bboff\u00bb]<\/p>\n<p>&nbsp;<\/p>\n<p>[\/et_pb_image][\/et_pb_column][\/et_pb_row][et_pb_row admin_label=\u00bbRow\u00bb][et_pb_column type=\u00bb1_2&#8243;][et_pb_text admin_label=\u00bbText\u00bb background_layout=\u00bblight\u00bb text_orientation=\u00bbleft\u00bb use_border_color=\u00bboff\u00bb border_color=\u00bb#ffffff\u00bb border_style=\u00bbsolid\u00bb]<\/p>\n<h2>LIBROS<\/h2>\n<ul class=\"panels\">\n<li><a href=\"http:\/\/www.amazon.com\/Rubble-Royalty-Tammy-Helena-Kennedy\/dp\/0991084128\/ref=sr_1_1?s=books&amp;ie=UTF8&amp;qid=1449106607&amp;sr=1-1&amp;keywords=from+rubble+to+royalty\" rel=\"nofollow noopener\" target=\"_blank\">From Rubble to Royalty <\/a>by Tammy Kennedy<\/li>\n<li><a href=\"http:\/\/www.barnesandnoble.com\/p\/girls-like-us-rachel-lloyd\/1115138012\/2675289796104?st=PLA&amp;sid=BNB_DRS_Marketplace+Shopping+Books_00000000&amp;2sid=Google_&amp;sourceId=PLGoP4783&amp;k_clickid=3x4783\" rel=\"nofollow noopener\" target=\"_blank\">Girls Like Us<\/a> by Rachel Lloyd<\/li>\n<li><a href=\"https:\/\/www.amazon.com\/s\/?ie=UTF8&amp;keywords=not+for+sale+david+batstone&amp;tag=googhydr-20&amp;index=aps&amp;hvadid=47625406299&amp;hvpos=1t2&amp;hvnetw=g&amp;hvrand=3948994703940548921&amp;hvpone=&amp;hvptwo=&amp;hvqmt=b&amp;hvdev=c&amp;hvdvcmdl=&amp;hvlocint=&amp;hvlocphy=9010753&amp;hvtargid=kwd-4985026766&amp;ref=pd_sl_6c7pbg8we0_b\" rel=\"nofollow noopener\" target=\"_blank\">Not For Sale<\/a> by David Batstone<\/li>\n<li><a href=\"http:\/\/www.barnesandnoble.com\/w\/terrify-no-more-gary-a-haugen\/1112472339\" rel=\"nofollow noopener\" target=\"_blank\">Terrify No More<\/a> by Gary Haugen<\/li>\n<li><a href=\"https:\/\/www.amazon.com\/White-Umbrella-Walking-Survivors-Trafficking-ebook\/dp\/B008B9VJM0\" rel=\"nofollow noopener\" target=\"_blank\">The White Umbrella<\/a> by Mary Frances Bowley<\/li>\n<li><a href=\"https:\/\/www.amazon.com\/Fierce-Compassion-Kristin-Kathryn-Wong\/dp\/0979831822\" rel=\"nofollow noopener\" target=\"_blank\">Fierce Compassion <\/a>by Kathryn and Kristin Wong<\/li>\n<li><a href=\"https:\/\/www.amazon.com\/God-Brothel-Undercover-Journey-Trafficking-ebook\/dp\/B005FQB4CM\/ref=dp_kinw_strp_1\" rel=\"nofollow noopener\" target=\"_blank\">God in a Brothel<\/a> by Daniel Walker<\/li>\n<li><a href=\"https:\/\/www.amazon.com\/League-Dangerous-Women-Stories-Redemption\/dp\/159052800X\" rel=\"nofollow noopener\" target=\"_blank\">A League of Dangerous Women<\/a> by Mary Frances Bowley<\/li>\n<li><a href=\"https:\/\/www.amazon.com\/dp\/0830837108\/ref=rdr_ext_tmb\" rel=\"nofollow noopener\" target=\"_blank\">The Good News About Injustice<\/a> by Gary Haugen<\/li>\n<li><a href=\"http:\/\/www.barnesandnoble.com\/w\/johns-victor-malarek\/1100242715?ean=9781611450125&amp;gclid=CjwKEAiAvs7CBRC24rao6bGCoiASJABaCt5DKQitGRxBGV_uUm2wTG2aNiLGQj7y8n0XuoYK1E9VIhoCJrDw_wcB\" rel=\"nofollow noopener\" target=\"_blank\">The Johns<\/a> by Victor Malarek<\/li>\n<li><a href=\"https:\/\/www.amazon.com\/Natashas-Horrific-Inside-Slavery-Murder\/dp\/1611453267\/ref=pd_sbs_14_t_0?_encoding=UTF8&amp;psc=1&amp;refRID=4FW0PCQ4H7EWPT961F7E\" rel=\"nofollow noopener\" target=\"_blank\">The Natashas<\/a> by Victor Malarek<\/li>\n<li><a href=\"https:\/\/www.amazon.com\/dp\/0786851724\/ref=rdr_ext_tmb\" rel=\"nofollow noopener\" target=\"_blank\">Sold<\/a> by Patricia McCormack<\/li>\n<li><a href=\"https:\/\/www.amazon.com\/Rescuing-Hope-Story-Trafficking-America\/dp\/1475966237\" rel=\"nofollow noopener\" target=\"_blank\">Rescuing Hope<\/a> by Susan Norris<\/li>\n<\/ul>\n<p>[\/et_pb_text][\/et_pb_column][et_pb_column type=\u00bb1_2&#8243;][et_pb_text admin_label=\u00bbText\u00bb background_layout=\u00bblight\u00bb text_orientation=\u00bbleft\u00bb use_border_color=\u00bboff\u00bb border_color=\u00bb#ffffff\u00bb border_style=\u00bbsolid\u00bb]<\/p>\n<h2>DOCUMENTALES<\/h2>\n<ul class=\"panels\">\n<li><a href=\"http:\/\/www.imdb.com\/title\/tt1237037\/\" rel=\"nofollow noopener\" target=\"_blank\">20\/20 \u2013 Prostitution in America<\/a><\/li>\n<li><a href=\"http:\/\/www.imdb.com\/title\/tt0388789\/\" rel=\"nofollow noopener\" target=\"_blank\">Born into Brothels<\/a><\/li>\n<li><a href=\"http:\/\/www.imdb.com\/title\/tt1858400\/\" rel=\"nofollow noopener\" target=\"_blank\">End of Slavery from IJM<\/a><\/li>\n<li><a href=\"http:\/\/www.imdb.com\/title\/tt1759690\/\" rel=\"nofollow noopener\" target=\"_blank\">Nefarious: Merchant of Souls from Exodus Cry<\/a><\/li>\n<li><a href=\"http:\/\/www.imdb.com\/title\/tt3121710\/\" rel=\"nofollow noopener\" target=\"_blank\">Not My Life<\/a><\/li>\n<li><a href=\"http:\/\/www.imdb.com\/title\/tt2023681\/\" rel=\"nofollow noopener\" target=\"_blank\">Sex + Money<\/a><\/li>\n<li><a href=\"http:\/\/www.imdb.com\/title\/tt1097268\/plotsummary\" rel=\"nofollow noopener\" target=\"_blank\">Very Young Girls from GEMS<\/a><\/li>\n<li><a href=\"http:\/\/www.imdb.com\/title\/tt2385267\/\" rel=\"nofollow noopener\" target=\"_blank\">Volviendo from Operation Blessing<\/a><\/li>\n<\/ul>\n<p>[\/et_pb_text][\/et_pb_column][\/et_pb_row][et_pb_row admin_label=\u00bbRow\u00bb][et_pb_column type=\u00bb1_2&#8243;][et_pb_text admin_label=\u00bbText\u00bb background_layout=\u00bblight\u00bb text_orientation=\u00bbleft\u00bb use_border_color=\u00bboff\u00bb border_style=\u00bbsolid\u00bb disabled=\u00bboff\u00bb border_color=\u00bb#ffffff\u00bb]<\/p>\n<p>&nbsp;<\/p>\n<p style=\"text-align: center; border-bottom: 8px solid green;\"><a href=\"http:\/\/www.nationalcac.org\/\" rel=\"nofollow noopener\" target=\"_blank\"><strong>DEFENSA NACIONAL DE LOS NI\u00d1OS<\/strong><\/a><\/p>\n<p>&nbsp;<\/p>\n<p>[\/et_pb_text][\/et_pb_column][et_pb_column type=\u00bb1_2&#8243;][et_pb_text admin_label=\u00bbText\u00bb background_layout=\u00bblight\u00bb text_orientation=\u00bbleft\u00bb use_border_color=\u00bboff\u00bb border_style=\u00bbsolid\u00bb disabled=\u00bboff\u00bb border_color=\u00bb#ffffff\u00bb]<\/p>\n<p>&nbsp;<\/p>\n<p style=\"text-align: center; border-bottom: 8px solid green;\"><a href=\"http:\/\/www.familywatchdog.us\/\" rel=\"nofollow noopener\" target=\"_blank\"><strong>REGISTRO DE DELINCUENTES SEXUALES<\/strong><\/a><\/p>\n<p>&nbsp;<\/p>\n<p>[\/et_pb_text][\/et_pb_column][\/et_pb_row][et_pb_row admin_label=\u00bbRow\u00bb][et_pb_column type=\u00bb4_4&#8243;][et_pb_text admin_label=\u00bbText\u00bb background_layout=\u00bblight\u00bb text_orientation=\u00bbleft\u00bb use_border_color=\u00bboff\u00bb border_color=\u00bb#ffffff\u00bb border_style=\u00bbsolid\u00bb]<\/p>\n<h2 style=\"text-align: center;\">Si necesitas ayuda o conoces a alguien que la necesite, \u00a1puedes llamar para obtener asistencia!<\/h2>\n<p>[\/et_pb_text][\/et_pb_column][\/et_pb_row][et_pb_row admin_label=\u00bbRow\u00bb make_fullwidth=\u00bboff\u00bb use_custom_width=\u00bboff\u00bb width_unit=\u00bboff\u00bb custom_width_px=\u00bb1080px\u00bb custom_width_percent=\u00bb80%\u00bb use_custom_gutter=\u00bboff\u00bb gutter_width=\u00bb2&#8243; padding_mobile=\u00bboff\u00bb allow_player_pause=\u00bboff\u00bb parallax=\u00bboff\u00bb parallax_method=\u00bbon\u00bb make_equal=\u00bboff\u00bb column_padding_mobile=\u00bbon\u00bb parallax_1=\u00bboff\u00bb parallax_method_1=\u00bbon\u00bb parallax_2=\u00bboff\u00bb parallax_method_2=\u00bbon\u00bb parallax_3=\u00bboff\u00bb parallax_method_3=\u00bbon\u00bb parallax_4=\u00bboff\u00bb parallax_method_4=\u00bbon\u00bb disabled=\u00bboff\u00bb][et_pb_column type=\u00bb1_4&#8243;][et_pb_text admin_label=\u00bbText\u00bb background_layout=\u00bblight\u00bb text_orientation=\u00bbleft\u00bb use_border_color=\u00bboff\u00bb border_style=\u00bbsolid\u00bb disabled=\u00bboff\u00bb border_color=\u00bb#ffffff\u00bb]<\/p>\n<h4 style=\"text-align: center;\"><strong>National Trafficking<br \/>\nHotline<\/strong><\/h4>\n<p style=\"text-align: center; border: 5px solid red;\"><strong>1-888-373-7888<\/strong><\/p>\n<p>[\/et_pb_text][et_pb_text admin_label=\u00bbText\u00bb background_layout=\u00bblight\u00bb text_orientation=\u00bbleft\u00bb use_border_color=\u00bboff\u00bb border_style=\u00bbsolid\u00bb disabled=\u00bboff\u00bb border_color=\u00bb#ffffff\u00bb]<\/p>\n<h4 style=\"text-align: center;\"><strong>Abuse Victim<br \/>\nHotline<\/strong><\/h4>\n<p style=\"text-align: center; border: 5px solid red;\"><strong>1-877-448-8678<\/strong><\/p>\n<p>[\/et_pb_text][\/et_pb_column][et_pb_column type=\u00bb1_4&#8243;][et_pb_text admin_label=\u00bbText\u00bb background_layout=\u00bblight\u00bb text_orientation=\u00bbleft\u00bb use_border_color=\u00bboff\u00bb border_style=\u00bbsolid\u00bb disabled=\u00bboff\u00bb border_color=\u00bb#ffffff\u00bb]<\/p>\n<h4 style=\"text-align: center;\"><strong>Georgia Cares<br \/>\nMinors 12-17<\/strong><\/h4>\n<p style=\"text-align: center; border: 5px solid red;\"><strong>1-404-602-0068<\/strong><\/p>\n<p>[\/et_pb_text][et_pb_text admin_label=\u00bbText\u00bb background_layout=\u00bblight\u00bb text_orientation=\u00bbleft\u00bb use_border_color=\u00bboff\u00bb border_style=\u00bbsolid\u00bb disabled=\u00bboff\u00bb border_color=\u00bb#ffffff\u00bb]<\/p>\n<h4 style=\"text-align: center;\"><strong>Child Abuse<br \/>\nChildHelp<\/strong><\/h4>\n<p style=\"text-align: center; border: 5px solid red;\"><strong>1-800-422-4453<\/strong><\/p>\n<p>[\/et_pb_text][\/et_pb_column][et_pb_column type=\u00bb1_4&#8243;][et_pb_text admin_label=\u00bbText\u00bb background_layout=\u00bblight\u00bb text_orientation=\u00bbleft\u00bb use_border_color=\u00bboff\u00bb border_style=\u00bbsolid\u00bb disabled=\u00bboff\u00bb border_color=\u00bb#ffffff\u00bb]<\/p>\n<h4 style=\"text-align: center;\"><strong>National Survivors<\/strong><br \/>\n<strong>Domestic Violence<\/strong><\/h4>\n<p style=\"text-align: center; border: 5px solid red;\"><strong>1-800-799-7233<\/strong><\/p>\n<p>[\/et_pb_text][et_pb_text admin_label=\u00bbText\u00bb background_layout=\u00bblight\u00bb text_orientation=\u00bbleft\u00bb use_border_color=\u00bboff\u00bb border_style=\u00bbsolid\u00bb disabled=\u00bboff\u00bb border_color=\u00bb#ffffff\u00bb]<\/p>\n<h4 style=\"text-align: center;\"><strong>Suicide<br \/>\nHotline<\/strong><\/h4>\n<p style=\"text-align: center; border: 5px solid red;\"><strong>1-800-784-2433<\/strong><\/p>\n<p>[\/et_pb_text][\/et_pb_column][et_pb_column type=\u00bb1_4&#8243;][et_pb_text admin_label=\u00bbText\u00bb background_layout=\u00bblight\u00bb text_orientation=\u00bbleft\u00bb use_border_color=\u00bboff\u00bb border_style=\u00bbsolid\u00bb disabled=\u00bboff\u00bb border_color=\u00bb#ffffff\u00bb]<\/p>\n<h4 style=\"text-align: center;\"><strong>All States&#8217;<br \/>\nChild Welfare<\/strong><\/h4>\n<p style=\"text-align: center; border: 5px solid red;\"><strong>1-800-394-3366<\/strong><\/p>\n<p>[\/et_pb_text][et_pb_text admin_label=\u00bbText\u00bb background_layout=\u00bblight\u00bb text_orientation=\u00bbleft\u00bb use_border_color=\u00bboff\u00bb border_style=\u00bbsolid\u00bb disabled=\u00bboff\u00bb border_color=\u00bb#ffffff\u00bb]<\/p>\n<h4 style=\"text-align: center;\"><strong>Incest Hotline<br \/>\n(English-Spanish)<\/strong><\/h4>\n<p style=\"text-align: center; border: 5px solid red;\"><strong>1-212-227-3000<\/strong><\/p>\n<p>[\/et_pb_text][\/et_pb_column][\/et_pb_row][\/et_pb_section][et_pb_section bb_built=\u00bb1&#8243; admin_label=\u00bbsection\u00bb transparent_background=\u00bboff\u00bb background_color=\u00bb#9624e2&#8243; allow_player_pause=\u00bboff\u00bb inner_shadow=\u00bboff\u00bb parallax=\u00bboff\u00bb parallax_method=\u00bbon\u00bb custom_padding=\u00bb44px|0px|13px|0px\u00bb padding_mobile=\u00bboff\u00bb make_fullwidth=\u00bboff\u00bb use_custom_width=\u00bboff\u00bb width_unit=\u00bboff\u00bb make_equal=\u00bboff\u00bb use_custom_gutter=\u00bboff\u00bb fullwidth=\u00bbon\u00bb specialty=\u00bboff\u00bb custom_css_main_element=\u00bbcolor:white;\u00bb disabled=\u00bboff\u00bb][et_pb_fullwidth_code admin_label=\u00bbFullwidth Code\u00bb custom_css_main_element=\u00bbcolor:white;\u00bb disabled saved_tabs=\u00bball\u00bb]&lt;p style=\u00bbtext-align: center;\u00bb&gt;King\u2019s Treasure Box Ministries, Inc. \u24b8 2016 &#8211; All Rights Reserved&lt;br \/&gt; Mailing Address: 4920 Atlanta Hwy #373, Alpharetta, GA 30004&lt;br \/&gt;Phone: 470.695.4174&lt;br \/&gt; Business Hours: By Appointment Only&lt;\/p&gt;[\/et_pb_fullwidth_code][\/et_pb_section]<\/p>\n","protected":false},"excerpt":{"rendered":"<p>RECURSOS &nbsp; A continuaci\u00f3n encontrar\u00e1 listas de enlaces, libros, documentales y n\u00fameros de tel\u00e9fono para ayudarlo a obtener m\u00e1s informaci\u00f3n y buscar ayuda. &nbsp; &nbsp; &nbsp; &nbsp; &nbsp; &nbsp; LIBROS From Rubble to Royalty by Tammy Kennedy Girls Like Us by Rachel Lloyd Not For Sale by David Batstone Terrify No More by Gary Haugen [&hellip;]<\/p>\n","protected":false},"author":1,"featured_media":0,"parent":0,"menu_order":0,"comment_status":"closed","ping_status":"closed","template":"","meta":{"_et_pb_use_builder":"on","_et_pb_old_content":"","_et_gb_content_width":"","footnotes":""},"class_list":["post-1447","page","type-page","status-publish","hentry"],"_links":{"self":[{"href":"https:\/\/kingstreasurebox.org\/es\/wp-json\/wp\/v2\/pages\/1447","targetHints":{"allow":["GET"]}}],"collection":[{"href":"https:\/\/kingstreasurebox.org\/es\/wp-json\/wp\/v2\/pages"}],"about":[{"href":"https:\/\/kingstreasurebox.org\/es\/wp-json\/wp\/v2\/types\/page"}],"author":[{"embeddable":true,"href":"https:\/\/kingstreasurebox.org\/es\/wp-json\/wp\/v2\/users\/1"}],"replies":[{"embeddable":true,"href":"https:\/\/kingstreasurebox.org\/es\/wp-json\/wp\/v2\/comments?post=1447"}],"version-history":[{"count":2,"href":"https:\/\/kingstreasurebox.org\/es\/wp-json\/wp\/v2\/pages\/1447\/revisions"}],"predecessor-version":[{"id":1449,"href":"https:\/\/kingstreasurebox.org\/es\/wp-json\/wp\/v2\/pages\/1447\/revisions\/1449"}],"wp:attachment":[{"href":"https:\/\/kingstreasurebox.org\/es\/wp-json\/wp\/v2\/media?parent=1447"}],"curies":[{"name":"wp","href":"https:\/\/api.w.org\/{rel}","templated":true}]}}