{"id":1456,"date":"2020-04-01T12:49:47","date_gmt":"2020-04-01T16:49:47","guid":{"rendered":"https:\/\/kingstreasurebox.org\/sanar-de-un-abuso-sexual\/estar-considerablemente-bajo-peso-en-comparacion-con-personas-de-edad-y-altura-similares\/"},"modified":"2023-12-16T00:30:49","modified_gmt":"2023-12-16T05:30:49","slug":"estar-considerablemente-bajo-peso-en-comparacion-con-personas-de-edad-y-altura-similares","status":"publish","type":"page","link":"https:\/\/kingstreasurebox.org\/es\/sanar-de-un-abuso-sexual\/estar-considerablemente-bajo-peso-en-comparacion-con-personas-de-edad-y-altura-similares\/","title":{"rendered":"Estar considerablemente bajo peso en comparaci\u00f3n con personas de edad y altura similares."},"content":{"rendered":"\n<p>Los trastornos alimentarios (TA) se caracterizan por una relaci\u00f3n poco saludable con la comida. Este trastorno psicol\u00f3gico afecta a personas de diferentes edades, or\u00edgenes raciales\/\u00e9tnicos, orientaciones sexuales, peso corporal y g\u00e9nero. Seg\u00fan la Encuesta Nacional, se estima que alrededor de 20 millones de mujeres y 10 millones de hombres tendr\u00e1n un trastorno alimentario en alg\u00fan momento de sus vidas.   <br\/>La causa exacta de los trastornos alimentarios es desconocida, pero existen factores de riesgo:<\/p>\n\n<figure class=\"wp-block-image size-large\"><img decoding=\"async\" width=\"1024\" height=\"683\" src=\"http:\/\/kingstreasurebox.org\/img\/eating-disorder-condition-1024x683.jpg\" alt=\"\" class=\"wp-image-1066\" title=\"\" srcset=\"http:\/\/kingstreasurebox.org\/img\/eating-disorder-condition-1024x683.jpg 1024w, http:\/\/kingstreasurebox.org\/img\/eating-disorder-condition-980x654.jpg 980w, http:\/\/kingstreasurebox.org\/img\/eating-disorder-condition-480x320.jpg 480w\" sizes=\"(min-width: 0px) and (max-width: 480px) 480px, (min-width: 481px) and (max-width: 980px) 980px, (min-width: 981px) 1024px, 100vw\" \/><\/figure>\n\n<ul class=\"wp-block-list\"><li><strong>Gen\u00e9tica<\/strong>: parece haber una predisposici\u00f3n gen\u00e9tica que aumenta la probabilidad de desarrollar un trastorno alimentario.<\/li><li><strong>Biolog\u00eda<\/strong>: hay factores como cambios en los qu\u00edmicos cerebrales que desempe\u00f1an un papel en los trastornos alimentarios.<\/li><li><strong>Sociol\u00f3gicos<\/strong>: aquellos con un padre diagnosticado con un trastorno alimentario, depresi\u00f3n, alcoholismo o adicci\u00f3n a drogas tienen un mayor riesgo de desarrollar un trastorno alimentario.<\/li><li><strong>Presi\u00f3n de grupo<\/strong>: aquellos criticados por la forma y el peso corporal son m\u00e1s propensos a desarrollar un trastorno alimentario.<\/li><li><strong>Emocionalidad<\/strong>: aquellos que luchan con ansiedad, baja autoestima, personalidad obsesiva, perfeccionismo, comportamiento impulsivo, depresi\u00f3n, etc., tienen un mayor riesgo.<\/li><li><strong>Carrera<\/strong>: aquellos con un trabajo que requiere un tama\u00f1o corporal peque\u00f1o, bajo porcentaje de grasa corporal o aumento de masa muscular tienen un riesgo mucho mayor. Ejemplos incluyen bailarines de ballet, modelos y atletas. Examples would be ballet dancers, models, and athletes <\/li><li><strong>Abuso<\/strong>, especialmente abuso sexual: es un factor de riesgo importante para desarrollar un trastorno alimentario.<\/li><\/ul>\n\n<h2 class=\"wp-block-heading\">TRASTORNOS ALIMENTARIOS M\u00c1S COMUNES:<\/h2>\n\n<p>Existen varios tipos de trastornos alimentarios, pero los tres m\u00e1s comunes son la anorexia nerviosa, la bulimia nerviosa y el trastorno por atrac\u00f3n.<\/p>\n\n<h3 class=\"wp-block-heading\"><strong>ANOREXIA NERVIOSA<\/strong><\/h3>\n\n<figure class=\"wp-block-image size-large\"><img decoding=\"async\" width=\"1024\" height=\"683\" src=\"http:\/\/kingstreasurebox.org\/img\/anorexia-eating-disorder-1024x683.jpg\" alt=\"\" class=\"wp-image-1063\" title=\"\" srcset=\"http:\/\/kingstreasurebox.org\/img\/anorexia-eating-disorder-1024x683.jpg 1024w, http:\/\/kingstreasurebox.org\/img\/anorexia-eating-disorder-980x653.jpg 980w, http:\/\/kingstreasurebox.org\/img\/anorexia-eating-disorder-480x320.jpg 480w\" sizes=\"(min-width: 0px) and (max-width: 480px) 480px, (min-width: 481px) and (max-width: 980px) 980px, (min-width: 981px) 1024px, 100vw\" \/><\/figure>\n\n<p>La anorexia nerviosa tiene la tasa de mortalidad m\u00e1s alta de cualquier trastorno mental debido a los efectos potencialmente mortales de la p\u00e9rdida extrema de peso y la inanici\u00f3n en el cerebro y el cuerpo.<br\/> Las personas con anorexia generalmente se ven a s\u00ed mismas como con sobrepeso, incluso si est\u00e1n peligrosamente por debajo del peso. Suelen controlar constantemente su peso, evitar ciertos tipos de alimentos, restringir severamente sus calor\u00edas y a menudo hacer ejercicio en exceso.  <\/p>\n\n<p>S\u00edntomas:<\/p>\n\n<ul class=\"wp-block-list\"><li>Imagen corporal distorsionada.<\/li><li>Baja autoestima fuertemente influenciada por una falsa percepci\u00f3n del peso y la forma corporal.<\/li><li>Miedo intenso a ganar peso.<\/li><li>Obsesi\u00f3n r\u00edgida con la comida.<\/li><li>Estar considerablemente bajo peso en comparaci\u00f3n con personas de edad y altura similares.<\/li><li>Comer en p\u00fablico causa ansiedad.<\/li><li>M\u00e9todos poco saludables para perder peso o limitar calor\u00edas, como ayudas diet\u00e9ticas, laxantes, v\u00f3mitos despu\u00e9s de comer, ejercicio excesivo o ayuno extremo. Sentimientos de culpa, verg\u00fcenza y depresi\u00f3n.<\/li><li>Sentimientos de culpa, verg\u00fcenza y depresi\u00f3n.<\/li><\/ul>\n\n<p>La anorexia nerviosa puede causar da\u00f1o permanente al cuerpo. Con el tiempo, las personas con este trastorno son propensas a experimentar adelgazamiento de los huesos, infertilidad, cabello y u\u00f1as quebradizos e incluso da\u00f1o grave al cerebro, coraz\u00f3n u otros \u00f3rganos. <\/p>\n\n<h3 class=\"wp-block-heading\"><strong>BULIMIA NERVIOSA:<\/strong><\/h3>\n\n<figure class=\"wp-block-image size-large\"><img decoding=\"async\" width=\"1024\" height=\"683\" src=\"http:\/\/kingstreasurebox.org\/img\/bulimia-nervosa-eating-disorder-1024x683.jpg\" alt=\"\" class=\"wp-image-1064\" title=\"\" srcset=\"http:\/\/kingstreasurebox.org\/img\/bulimia-nervosa-eating-disorder-1024x683.jpg 1024w, http:\/\/kingstreasurebox.org\/img\/bulimia-nervosa-eating-disorder-980x653.jpg 980w, http:\/\/kingstreasurebox.org\/img\/bulimia-nervosa-eating-disorder-480x320.jpg 480w\" sizes=\"(min-width: 0px) and (max-width: 480px) 480px, (min-width: 481px) and (max-width: 980px) 980px, (min-width: 981px) 1024px, 100vw\" \/><\/figure>\n\n<p>Las personas con bulimia nerviosa pueden estar ligeramente por debajo del peso, tener un peso promedio o estar sobrepeso. Tienen episodios frecuentes de comer grandes cantidades de alimentos seguidos de v\u00f3mitos forzados, uso excesivo de laxantes o diur\u00e9ticos, ayuno, ejercicio excesivo o una combinaci\u00f3n de estos comportamientos para compensar la ingesta excesiva. Este ciclo, llamado atrac\u00f3n y purga, provoca una gran carga en el sistema digestivo. La bulimia es peligrosa porque es dif\u00edcil de detectar, ya que la persona puede tener un peso promedio. La culpa, la verg\u00fcenza y el miedo extremo al aumento de peso causan ansiedad, depresi\u00f3n y una sensaci\u00f3n de falta de control. Algunos s\u00edntomas son:      <\/p>\n\n<p>Algunos s\u00edntomas son:<\/p>\n\n<ul class=\"wp-block-list\"><li>Esmalte dental desgastado y dientes cariados debido al contacto frecuente con el \u00e1cido estomacal.<\/li><li>Reflujo \u00e1cido, inflamaci\u00f3n esof\u00e1gica y otros problemas gastrointestinales.<\/li><li>Problemas intestinales debido al abuso de laxantes.<\/li><li>Deshidrataci\u00f3n severa.<\/li><li>Desequilibrio hormonal.<\/li><li>Dolor o inflamaci\u00f3n de la garganta.<\/li><li>Sentimientos de culpa, verg\u00fcenza y depresi\u00f3n.<\/li><\/ul>\n\n<p>Sentimientos de culpa, verg\u00fcenza y depresi\u00f3n.Evidencia de atracones es la desaparici\u00f3n de grandes cantidades de alimentos en per\u00edodos cortos de tiempo o grandes cantidades de envoltorios y envases vac\u00edos.\n\n <\/p>\n\n<p>Viajes frecuentes al ba\u00f1o despu\u00e9s de las comidas, signos y\/o olores de v\u00f3mitos, presencia de envoltorios o paquetes de laxantes o diur\u00e9ticos podr\u00edan ser signos de comportamientos de purga. Casos graves de bulimia pueden llevar a un derrame cerebral o un ataque al coraz\u00f3n debido a desequilibrios nutricionales. <\/p>\n\n<h3 class=\"wp-block-heading\"><strong>TRASTORNO POR ATRAC\u00d3N:<\/strong><\/h3>\n\n<figure class=\"wp-block-image size-large\"><img decoding=\"async\" width=\"1024\" height=\"684\" src=\"http:\/\/kingstreasurebox.org\/img\/eating-disorder-behavior-1024x684.jpg\" alt=\"\" class=\"wp-image-1065\" title=\"\" srcset=\"http:\/\/kingstreasurebox.org\/img\/eating-disorder-behavior-1024x684.jpg 1024w, http:\/\/kingstreasurebox.org\/img\/eating-disorder-behavior-980x654.jpg 980w, http:\/\/kingstreasurebox.org\/img\/eating-disorder-behavior-480x321.jpg 480w\" sizes=\"(min-width: 0px) and (max-width: 480px) 480px, (min-width: 481px) and (max-width: 980px) 980px, (min-width: 981px) 1024px, 100vw\" \/><\/figure>\n\n<p>Las personas con trastorno por atrac\u00f3n est\u00e1n en el lado opuesto del espectro de la anorexia nerviosa, ya que a menudo conduce a un aumento de peso extremo u obesidad. Las personas que padecen este trastorno suelen consumir una gran cantidad de alimentos en un per\u00edodo relativamente corto de tiempo y sienten una falta de control durante los atracones. No participan en el comportamiento de purga de aquellos afectados por la bulimia nerviosa.   <\/p>\n\n<p>Este tipo de trastorno generalmente comienza durante la adolescencia y la edad adulta temprana y se cree que es el trastorno alimentario m\u00e1s com\u00fan en los Estados Unidos.<\/p>\n\n<p>Algunos s\u00edntomas son:<\/p>\n\n<ul class=\"wp-block-list\"><li>Comer incluso cuando no tienes hambre o ya est\u00e1s lleno.<\/li><li>Consumir una gran cantidad de alimentos en un corto per\u00edodo de tiempo.<\/li><li>Comer solo o en secreto para evitar la verg\u00fcenza.<\/li><li>Hacer dieta con frecuencia, posiblemente sin p\u00e9rdida de peso.<\/li><li>Sentir una falta de control durante los episodios de atrac\u00f3n.<\/li><li>Sentimientos de culpa, verg\u00fcenza y depresi\u00f3n.<\/li><\/ul>\n\n<p>El trastorno por atrac\u00f3n es peligroso porque conduce a la obesidad, lo que puede provocar enfermedades card\u00edacas, niveles altos de az\u00facar en la sangre, presi\u00f3n arterial alta, accidente cerebrovascular y diabetes tipo 2.<\/p>\n\n<hr class=\"wp-block-separator is-style-wide\"\/>\n\n<p>Los trastornos alimentarios son condiciones de salud mental que generalmente requieren tratamiento. La depresi\u00f3n, la ansiedad, el miedo y el estr\u00e9s asociados con los trastornos alimentarios pueden ser abrumadores y debilitantes. El da\u00f1o al cuerpo, si no se trata, puede ser fatal. Las personas con un trastorno alimentario a menudo son reservadas y defensivas acerca de sus h\u00e1bitos alimenticios y peso. A menudo niegan la gravedad de su trastorno, por lo que resisten el tratamiento.\n \n\n \n\n \n<\/p>\n\n<p>Si tienes un trastorno alimentario o conoces a alguien que podr\u00eda tenerlo, busca ayuda de un profesional de la salud especializado. Cuanto antes se detecte un trastorno alimentario, mayores son las posibilidades de recuperaci\u00f3n.\n\n \n <\/p>\n\n<p>El primer paso hacia la recuperaci\u00f3n es obtener un diagn\u00f3stico. Los planes de tratamiento se adaptan a las necesidades individuales y pueden incluir psicoterapia (individual, grupal o familiar), atenci\u00f3n m\u00e9dica y monitoreo, asesoramiento nutricional y medicamentos. La terapia suele ser m\u00e1s efectiva antes de que el trastorno se vuelva cr\u00f3nico; sin embargo, las personas con trastornos alimentarios de larga duraci\u00f3n pueden recuperarse.\n \n\n \n\n<\/p>\n\n<p>Si t\u00fa o un ser querido est\u00e1n preocupados por tener un trastorno alimentario, lucha contra los sentimientos de verg\u00fcenza y busca ayuda profesional lo antes posible. \u00a1Vales la pena luchar por ti!\n\n <\/p>\n","protected":false},"excerpt":{"rendered":"<p>Los trastornos alimentarios (TA) se caracterizan por una relaci\u00f3n poco saludable con la comida. Este trastorno psicol\u00f3gico afecta a personas de diferentes edades, or\u00edgenes raciales\/\u00e9tnicos, orientaciones sexuales, peso corporal y g\u00e9nero. Seg\u00fan la Encuesta Nacional, se estima que alrededor de 20 millones de mujeres y 10 millones de hombres tendr\u00e1n un trastorno alimentario en alg\u00fan [&hellip;]<\/p>\n","protected":false},"author":1,"featured_media":1379,"parent":1438,"menu_order":0,"comment_status":"closed","ping_status":"closed","template":"","meta":{"_et_pb_use_builder":"off","_et_pb_old_content":"","_et_gb_content_width":"","footnotes":""},"class_list":["post-1456","page","type-page","status-publish","has-post-thumbnail","hentry"],"_links":{"self":[{"href":"https:\/\/kingstreasurebox.org\/es\/wp-json\/wp\/v2\/pages\/1456","targetHints":{"allow":["GET"]}}],"collection":[{"href":"https:\/\/kingstreasurebox.org\/es\/wp-json\/wp\/v2\/pages"}],"about":[{"href":"https:\/\/kingstreasurebox.org\/es\/wp-json\/wp\/v2\/types\/page"}],"author":[{"embeddable":true,"href":"https:\/\/kingstreasurebox.org\/es\/wp-json\/wp\/v2\/users\/1"}],"replies":[{"embeddable":true,"href":"https:\/\/kingstreasurebox.org\/es\/wp-json\/wp\/v2\/comments?post=1456"}],"version-history":[{"count":1,"href":"https:\/\/kingstreasurebox.org\/es\/wp-json\/wp\/v2\/pages\/1456\/revisions"}],"predecessor-version":[{"id":1457,"href":"https:\/\/kingstreasurebox.org\/es\/wp-json\/wp\/v2\/pages\/1456\/revisions\/1457"}],"up":[{"embeddable":true,"href":"https:\/\/kingstreasurebox.org\/es\/wp-json\/wp\/v2\/pages\/1438"}],"wp:featuredmedia":[{"embeddable":true,"href":"https:\/\/kingstreasurebox.org\/es\/wp-json\/wp\/v2\/media\/1379"}],"wp:attachment":[{"href":"https:\/\/kingstreasurebox.org\/es\/wp-json\/wp\/v2\/media?parent=1456"}],"curies":[{"name":"wp","href":"https:\/\/api.w.org\/{rel}","templated":true}]}}