{"id":1458,"date":"2017-09-28T00:09:53","date_gmt":"2017-09-28T04:09:53","guid":{"rendered":"https:\/\/kingstreasurebox.org\/sanar-de-un-abuso-sexual\/como-mantengo-a-mi-hijo-seguro\/"},"modified":"2023-12-16T00:44:10","modified_gmt":"2023-12-16T05:44:10","slug":"como-mantengo-a-mi-hijo-seguro","status":"publish","type":"page","link":"https:\/\/kingstreasurebox.org\/es\/sanar-de-un-abuso-sexual\/como-mantengo-a-mi-hijo-seguro\/","title":{"rendered":"\u00bfC\u00f3mo mantengo a mi hijo seguro?"},"content":{"rendered":"<p>[et_pb_section bb_built=\u00bb1&#8243; admin_label=\u00bbsection\u00bb][et_pb_row admin_label=\u00bbrow\u00bb][et_pb_column type=\u00bb4_4&#8243;][et_pb_text admin_label=\u00bbText\u00bb]<\/p>\n<h1>Seguridad infantil<\/h1>\n<p>La responsabilidad de mantener a su hijo seguro puede ser abrumador, especialmente con tantas personas e influencias inseguras en nuestro entorno.<\/p>\n<p>\u2022 <strong>Talk<\/strong> to your child openly and often about possible dangers in the environment.<\/p>\n<p>\u2022 A los ni\u00f1os se les ense\u00f1a en la escuela sobre el \u201cPeligro del Desconocido\u201d, pero las estad\u00edsticas muestran que es mucho m\u00e1s probable que los ni\u00f1os sean lastimados por alguien que conocen.<br \/>\nAdvierta a sus hijos que es posible que alguien a quien amamos elija <strong>hacer cosas incorrectas e hirientes<\/strong><\/p>\n<p>Ense\u00f1e a su hijo c\u00f3mo crear <strong>barreras f\u00edsicas seguras<\/strong>. Comience a hablar lo antes posible sobre la diferencia entre el toque que se sienten bien, mal o confuso. D\u00edgale a sus hijos que tienen el derecho a decir \u00abno\u00bb a cualquier toque no deseado, especialmente si se les dice que lo mantengan en secreto. Padres, no obliguen a su hijo a abrazar a otros, incluso a sus parientes. Esto es confuso y da el mensaje: \u201cNo tengo derecho a decidir qui\u00e9n me toca\u201d. En cambio, d\u00edgale, \u2014\u00bfTe gustar\u00eda darle un abrazo o darle la mano a la Sra. Smith?     <\/p>\n<p>Dele a su hijo <strong>palabras, frases y gestos<\/strong> para usar si alguna vez siente que alguien esta siendo inapropiado, manipulador o no es confiable. D\u00edgale a su hijo que siempre est\u00e1 bien si quiere decir que \u00abno\u00bb. D\u00e9le opciones para que lo contacte y \/ o busque ayuda de una figura de autoridad \u2022 Haga saber a sus hijos que ellos pueden contarle <strong>cualquier cosa<\/strong>, que quiere estar all\u00ed para escuchar, y que su amor por ellos nunca cambiar\u00e1.  <\/p>\n<p>\u2022 Practique escenarios de <strong>\u00abqu\u00e9 ocurrir\u00eda si\u2026\u201d<\/strong> durante salidas y sugiera a su hijo c\u00f3mo mantenerse seguro si ocurre algo inesperado. Por ejemplo, \u2014Si estuvieras perdido en este momento, mira a tu alrededor y dime a qui\u00e9n te acercar\u00edas para obtener ayuda \u2014 o \u2014Si estuvieras pasando la noche con tu amiga Sarah, y su padre comenzara a hacerte cosquillas y eso no te gustara, \u00bfqu\u00e9 har\u00edas?\u2014 <\/p>\n<p>\u2022 <strong>Pijamadas- \u00a1AY!<\/strong> Este puede ser un evento muy dif\u00edcil de navegar. Incluso si usted conoce bien a los padres, es posible que haya otros ni\u00f1os y adultos invitados a su hogar que usted no conoce. Tenga en cuenta que las pijamadas a menudo son el lugar en donde un ni\u00f1o es abusado o expuesto a actividades o materiales que no le gustar\u00eda que su hijo conociera.  <\/p>\n<p>\u2022 <strong>Supervise<\/strong> a sus hijos. Usted puede estar pensando, \u2014\u00a1Obvio! Supervise de manera consciente, entendiendo que hay depredadores queriendo tener acceso a sus hijos. \u2022 La supervisi\u00f3n incluye <strong>todos los dispositivos en los que puedan acceder al internet<\/strong>, recibir mensajes de texto, correos electr\u00f3nicos, descargar aplicaciones o crear cuentas de redes sociales. Aseg\u00farese de establecer una pol\u00edtica para verificar al azar los dispositivos, no tener contrase\u00f1as secretas y discuta sobre como tomarse fotos adecuadas. Explique cu\u00e1ndo est\u00e1 bien descargar una aplicaci\u00f3n que puede acceder a su ubicaci\u00f3n y otra informaci\u00f3n sobre su familia. Inf\u00f3rmese sobre las formas en que los ped\u00f3filos usan los medios sociales para acceder a los ni\u00f1os. Muchas aplicaciones son realmente peligrosas.  <\/p>\n<p>\u2022 <strong>Conozca a los adultos que tienen acceso a sus hijos<\/strong>. Mientras m\u00e1s involucrado est\u00e9 usted en la vida de su hijo, es menos probable que su hijo busque atenci\u00f3n de otros adultos potencialmente peligrosos<\/p>\n<p>[\/et_pb_text][\/et_pb_column][\/et_pb_row][\/et_pb_section][et_pb_section bb_built=\u00bb1&#8243; admin_label=\u00bbsection\u00bb transparent_background=\u00bboff\u00bb background_color=\u00bb#9624e2&#8243; allow_player_pause=\u00bboff\u00bb inner_shadow=\u00bboff\u00bb parallax=\u00bboff\u00bb parallax_method=\u00bbon\u00bb custom_padding=\u00bb44px|0px|13px|0px\u00bb padding_mobile=\u00bboff\u00bb make_fullwidth=\u00bboff\u00bb use_custom_width=\u00bboff\u00bb width_unit=\u00bboff\u00bb make_equal=\u00bboff\u00bb use_custom_gutter=\u00bboff\u00bb fullwidth=\u00bbon\u00bb specialty=\u00bboff\u00bb custom_css_main_element=\u00bbcolor:white;\u00bb disabled=\u00bboff\u00bb][et_pb_fullwidth_code admin_label=\u00bbFullwidth Code\u00bb custom_css_main_element=\u00bbcolor:white;\u00bb disabled saved_tabs=\u00bball\u00bb]&lt;p style=\u00bbtext-align: center;\u00bb&gt;King\u2019s Treasure Box Ministries, Inc. \u24b8 2016 &#8211; All Rights Reserved&lt;br \/&gt; Mailing Address: 4920 Atlanta Hwy #373, Alpharetta, GA 30004&lt;br \/&gt;Phone: 470.695.4174&lt;br \/&gt; Business Hours: By Appointment Only&lt;\/p&gt;[\/et_pb_fullwidth_code][\/et_pb_section]<\/p>\n","protected":false},"excerpt":{"rendered":"<p>Seguridad infantil La responsabilidad de mantener a su hijo seguro puede ser abrumador, especialmente con tantas personas e influencias inseguras en nuestro entorno. \u2022 Talk to your child openly and often about possible dangers in the environment. \u2022 A los ni\u00f1os se les ense\u00f1a en la escuela sobre el \u201cPeligro del Desconocido\u201d, pero las estad\u00edsticas [&hellip;]<\/p>\n","protected":false},"author":1,"featured_media":0,"parent":1438,"menu_order":0,"comment_status":"closed","ping_status":"closed","template":"","meta":{"_et_pb_use_builder":"on","_et_pb_old_content":"","_et_gb_content_width":"","footnotes":""},"class_list":["post-1458","page","type-page","status-publish","hentry"],"_links":{"self":[{"href":"https:\/\/kingstreasurebox.org\/es\/wp-json\/wp\/v2\/pages\/1458","targetHints":{"allow":["GET"]}}],"collection":[{"href":"https:\/\/kingstreasurebox.org\/es\/wp-json\/wp\/v2\/pages"}],"about":[{"href":"https:\/\/kingstreasurebox.org\/es\/wp-json\/wp\/v2\/types\/page"}],"author":[{"embeddable":true,"href":"https:\/\/kingstreasurebox.org\/es\/wp-json\/wp\/v2\/users\/1"}],"replies":[{"embeddable":true,"href":"https:\/\/kingstreasurebox.org\/es\/wp-json\/wp\/v2\/comments?post=1458"}],"version-history":[{"count":2,"href":"https:\/\/kingstreasurebox.org\/es\/wp-json\/wp\/v2\/pages\/1458\/revisions"}],"predecessor-version":[{"id":1460,"href":"https:\/\/kingstreasurebox.org\/es\/wp-json\/wp\/v2\/pages\/1458\/revisions\/1460"}],"up":[{"embeddable":true,"href":"https:\/\/kingstreasurebox.org\/es\/wp-json\/wp\/v2\/pages\/1438"}],"wp:attachment":[{"href":"https:\/\/kingstreasurebox.org\/es\/wp-json\/wp\/v2\/media?parent=1458"}],"curies":[{"name":"wp","href":"https:\/\/api.w.org\/{rel}","templated":true}]}}