{"id":1492,"date":"2016-09-29T12:31:57","date_gmt":"2016-09-29T16:31:57","guid":{"rendered":"https:\/\/kingstreasurebox.org\/nuestro-equipo\/equipo\/"},"modified":"2023-12-16T08:59:33","modified_gmt":"2023-12-16T13:59:33","slug":"equipo","status":"publish","type":"page","link":"https:\/\/kingstreasurebox.org\/es\/nuestro-equipo\/equipo\/","title":{"rendered":"Equipo"},"content":{"rendered":"<p>[et_pb_section fb_built=\u00bb1&#8243; admin_label=\u00bbsection\u00bb _builder_version=\u00bb4.16&#8243; transparent_background=\u00bboff\u00bb make_fullwidth=\u00bboff\u00bb use_custom_width=\u00bboff\u00bb width_unit=\u00bboff\u00bb custom_width_px=\u00bb1080px\u00bb custom_width_percent=\u00bb80%\u00bb global_colors_info=\u00bb{}\u00bb][et_pb_row admin_label=\u00bbRow\u00bb _builder_version=\u00bb4.16&#8243; background_size=\u00bbinitial\u00bb background_position=\u00bbtop_left\u00bb background_repeat=\u00bbrepeat\u00bb make_fullwidth=\u00bboff\u00bb use_custom_width=\u00bboff\u00bb width_unit=\u00bboff\u00bb custom_width_px=\u00bb1080px\u00bb custom_width_percent=\u00bb80%\u00bb global_colors_info=\u00bb{}\u00bb column_structure=\u00bb1_3,2_3&#8243;][et_pb_column type=\u00bb1_3&#8243; _builder_version=\u00bb4.16&#8243; custom_padding=\u00bb|||\u00bb global_colors_info=\u00bb{}\u00bb custom_padding__hover=\u00bb|||\u00bb][et_pb_image src=\u00bbhttp:\/\/kingstreasurebox.org\/img\/tammy-f.i.jpg\u00bb url=\u00bbhttp:\/\/kingstreasurebox.org\/about-us\/our-team\/tammy-kennedy\/\u00bb align=\u00bbcenter\u00bb align_tablet=\u00bbcenter\u00bb align_last_edited=\u00bbon|desktop\u00bb admin_label=\u00bbImage\u00bb _builder_version=\u00bb4.16&#8243; animation=\u00bboff\u00bb sticky=\u00bboff\u00bb use_border_color=\u00bboff\u00bb border_color=\u00bb#ffffff\u00bb border_style=\u00bbsolid\u00bb always_center_on_mobile=\u00bbon\u00bb global_colors_info=\u00bb{}\u00bb align_phone=\u00bbcenter\u00bb][\/et_pb_image][\/et_pb_column][et_pb_column type=\u00bb2_3&#8243; _builder_version=\u00bb4.16&#8243; custom_padding=\u00bb|||\u00bb global_colors_info=\u00bb{}\u00bb custom_padding__hover=\u00bb|||\u00bb][et_pb_text admin_label=\u00bbText\u00bb _builder_version=\u00bb4.16&#8243; background_size=\u00bbinitial\u00bb background_position=\u00bbtop_left\u00bb background_repeat=\u00bbrepeat\u00bb use_border_color=\u00bboff\u00bb border_color=\u00bb#ffffff\u00bb border_style=\u00bbsolid\u00bb global_colors_info=\u00bb{}\u00bb]Hola, mi nombre es Tammy Kennedy y tambi\u00e9n soy una princesa sobreviviente de abusos horrendos. Me diagnosticaron con trastorno de identidad disociativo a los 17 a\u00f1os y pas\u00e9 muchos a\u00f1os entrando y saliendo de hospitales psiqui\u00e1tricos tratando de recuperarme. <\/p>\n<p><a href=\"http:\/\/kingstreasurebox.org\/about-us\/our-team\/tammy-kennedy\/\">Leer mas\u2026<\/a><\/p>\n<p>&nbsp;<\/p>\n<p>&nbsp;<br \/>\n[\/et_pb_text][\/et_pb_column][\/et_pb_row][et_pb_row admin_label=\u00bbRow\u00bb _builder_version=\u00bb4.16&#8243; background_size=\u00bbinitial\u00bb background_position=\u00bbtop_left\u00bb background_repeat=\u00bbrepeat\u00bb make_fullwidth=\u00bboff\u00bb use_custom_width=\u00bboff\u00bb width_unit=\u00bboff\u00bb custom_width_px=\u00bb1080px\u00bb custom_width_percent=\u00bb80%\u00bb global_colors_info=\u00bb{}\u00bb column_structure=\u00bb1_3,2_3&#8243;][et_pb_column type=\u00bb1_3&#8243; _builder_version=\u00bb4.16&#8243; custom_padding=\u00bb|||\u00bb global_colors_info=\u00bb{}\u00bb custom_padding__hover=\u00bb|||\u00bb][et_pb_image src=\u00bbhttp:\/\/kingstreasurebox.org\/img\/gena-f.i.jpg\u00bb align=\u00bbcenter\u00bb align_tablet=\u00bbcenter\u00bb align_last_edited=\u00bbon|desktop\u00bb admin_label=\u00bbImage\u00bb _builder_version=\u00bb4.16&#8243; animation=\u00bboff\u00bb sticky=\u00bboff\u00bb use_border_color=\u00bboff\u00bb border_color=\u00bb#ffffff\u00bb border_style=\u00bbsolid\u00bb always_center_on_mobile=\u00bbon\u00bb global_colors_info=\u00bb{}\u00bb align_phone=\u00bbcenter\u00bb][\/et_pb_image][\/et_pb_column][et_pb_column type=\u00bb2_3&#8243; _builder_version=\u00bb4.16&#8243; custom_padding=\u00bb|||\u00bb global_colors_info=\u00bb{}\u00bb custom_padding__hover=\u00bb|||\u00bb][et_pb_text admin_label=\u00bbText\u00bb _builder_version=\u00bb4.16&#8243; background_size=\u00bbinitial\u00bb background_position=\u00bbtop_left\u00bb background_repeat=\u00bbrepeat\u00bb use_border_color=\u00bboff\u00bb border_color=\u00bb#ffffff\u00bb border_style=\u00bbsolid\u00bb global_colors_info=\u00bb{}\u00bb]<span style=\"font-weight: 400;\"><br \/>\nActualmente, la Dra. Gena Mastrogianakis<\/span> <span style=\"font-weight: 400;\">es m\u00e9dica en el Centro M\u00e9dico Progresivo (Progressive Medical Center). Recibi\u00f3 su Doctorado M\u00e9dico de la Facultad de Medicina de St. Christopher, y complet\u00f3 su residencia en Medicina Familiar en la Universidad de Emory. <\/span><\/p>\n<p><a href=\"http:\/\/kingstreasurebox.org\/about-us\/our-team\/gena-mastrogianakis\/\">Leer mas\u2026<\/a><\/p>\n<p>&nbsp;<br \/>\n[\/et_pb_text][\/et_pb_column][\/et_pb_row][et_pb_row admin_label=\u00bbRow\u00bb _builder_version=\u00bb4.16&#8243; background_size=\u00bbinitial\u00bb background_position=\u00bbtop_left\u00bb background_repeat=\u00bbrepeat\u00bb make_fullwidth=\u00bboff\u00bb use_custom_width=\u00bboff\u00bb width_unit=\u00bboff\u00bb custom_width_px=\u00bb1080px\u00bb custom_width_percent=\u00bb80%\u00bb global_colors_info=\u00bb{}\u00bb column_structure=\u00bb1_3,2_3&#8243;][et_pb_column type=\u00bb1_3&#8243; _builder_version=\u00bb4.16&#8243; custom_padding=\u00bb|||\u00bb global_colors_info=\u00bb{}\u00bb custom_padding__hover=\u00bb|||\u00bb][et_pb_image src=\u00bbhttp:\/\/kingstreasurebox.org\/img\/paul-f.i..jpg\u00bb align=\u00bbcenter\u00bb align_tablet=\u00bbcenter\u00bb align_last_edited=\u00bbon|desktop\u00bb admin_label=\u00bbImage\u00bb _builder_version=\u00bb4.16&#8243; animation=\u00bboff\u00bb sticky=\u00bboff\u00bb use_border_color=\u00bboff\u00bb border_color=\u00bb#ffffff\u00bb border_style=\u00bbsolid\u00bb always_center_on_mobile=\u00bbon\u00bb global_colors_info=\u00bb{}\u00bb align_phone=\u00bbcenter\u00bb][\/et_pb_image][\/et_pb_column][et_pb_column type=\u00bb2_3&#8243; _builder_version=\u00bb4.16&#8243; custom_padding=\u00bb|||\u00bb global_colors_info=\u00bb{}\u00bb custom_padding__hover=\u00bb|||\u00bb][et_pb_text admin_label=\u00bbText\u00bb _builder_version=\u00bb4.16&#8243; background_size=\u00bbinitial\u00bb background_position=\u00bbtop_left\u00bb background_repeat=\u00bbrepeat\u00bb use_border_color=\u00bboff\u00bb border_color=\u00bb#ffffff\u00bb border_style=\u00bbsolid\u00bb global_colors_info=\u00bb{}\u00bb]Paul J. Ponte es cofundador, coadministrador y CEO de Triumph Management, LLC. El Sr. Ponte tiene m\u00e1s de 20 a\u00f1os de experiencia en administraci\u00f3n financiera y experiencia comercial multifac\u00e9tica en diversas industrias. <\/p>\n<p><a href=\"http:\/\/kingstreasurebox.org\/about-us\/our-team\/paul-ponte\/\">Leer mas\u2026<\/a><\/p>\n<p>&nbsp;<\/p>\n<p>&nbsp;<br \/>\n[\/et_pb_text][\/et_pb_column][\/et_pb_row][\/et_pb_section][et_pb_section fb_built=\u00bb1&#8243; fullwidth=\u00bbon\u00bb custom_padding_last_edited=\u00bbon|desktop\u00bb admin_label=\u00bbsection\u00bb _builder_version=\u00bb4.16&#8243; background_color=\u00bb#9624e2&#8243; custom_padding=\u00bb44px|0px|13px|0px\u00bb custom_padding_tablet=\u00bb50px|0|50px|0&#8243; custom_css_main_element=\u00bbcolor:white;\u00bb transparent_background=\u00bboff\u00bb padding_mobile=\u00bboff\u00bb make_fullwidth=\u00bboff\u00bb use_custom_width=\u00bboff\u00bb width_unit=\u00bboff\u00bb global_colors_info=\u00bb{}\u00bb custom_padding_phone=\u00bb50px|0|50px|0&#8243;][et_pb_fullwidth_code admin_label=\u00bbFullwidth Code\u00bb _builder_version=\u00bb4.16&#8243; custom_css_main_element=\u00bbcolor:white;\u00bb saved_tabs=\u00bball\u00bb global_colors_info=\u00bb{}\u00bb]<pee style=\"text-align: center;\">King\u2019s Treasure Box Ministries, Inc. \u24b8 2016 &#8211; All Rights Reserved Mailing Address: 4920 Atlanta Hwy #373, Alpharetta, GA 30004Phone: 470.695.4174 Business Hours: By Appointment Only<\/pee>[\/et_pb_fullwidth_code][\/et_pb_section]<\/p>\n","protected":false},"excerpt":{"rendered":"<p>Descubra qui\u00e9nes somos, por qu\u00e9 existimos y cu\u00e1les son nuestros objetivos.<\/p>\n<p>Descubra nos Equipo<\/p>\n","protected":false},"author":1,"featured_media":1264,"parent":1422,"menu_order":0,"comment_status":"closed","ping_status":"closed","template":"","meta":{"_et_pb_use_builder":"on","_et_pb_old_content":"","_et_gb_content_width":"","footnotes":""},"class_list":["post-1492","page","type-page","status-publish","has-post-thumbnail","hentry"],"_links":{"self":[{"href":"https:\/\/kingstreasurebox.org\/es\/wp-json\/wp\/v2\/pages\/1492","targetHints":{"allow":["GET"]}}],"collection":[{"href":"https:\/\/kingstreasurebox.org\/es\/wp-json\/wp\/v2\/pages"}],"about":[{"href":"https:\/\/kingstreasurebox.org\/es\/wp-json\/wp\/v2\/types\/page"}],"author":[{"embeddable":true,"href":"https:\/\/kingstreasurebox.org\/es\/wp-json\/wp\/v2\/users\/1"}],"replies":[{"embeddable":true,"href":"https:\/\/kingstreasurebox.org\/es\/wp-json\/wp\/v2\/comments?post=1492"}],"version-history":[{"count":2,"href":"https:\/\/kingstreasurebox.org\/es\/wp-json\/wp\/v2\/pages\/1492\/revisions"}],"predecessor-version":[{"id":1494,"href":"https:\/\/kingstreasurebox.org\/es\/wp-json\/wp\/v2\/pages\/1492\/revisions\/1494"}],"up":[{"embeddable":true,"href":"https:\/\/kingstreasurebox.org\/es\/wp-json\/wp\/v2\/pages\/1422"}],"wp:featuredmedia":[{"embeddable":true,"href":"https:\/\/kingstreasurebox.org\/es\/wp-json\/wp\/v2\/media\/1264"}],"wp:attachment":[{"href":"https:\/\/kingstreasurebox.org\/es\/wp-json\/wp\/v2\/media?parent=1492"}],"curies":[{"name":"wp","href":"https:\/\/api.w.org\/{rel}","templated":true}]}}